{"id":113,"date":"2020-09-10T18:46:40","date_gmt":"2020-09-10T18:46:40","guid":{"rendered":"https:\/\/quallytamp.com.br\/?page_id=113"},"modified":"2021-04-27T15:03:57","modified_gmt":"2021-04-27T15:03:57","slug":"tampa-baixa-pco-1881-modelo-b","status":"publish","type":"page","link":"https:\/\/quallytamp.com.br\/?page_id=113","title":{"rendered":"Tampa PCO 1881 28mm baixa (Modelo B)"},"content":{"rendered":"\t\t<div data-elementor-type=\"wp-page\" data-elementor-id=\"113\" class=\"elementor elementor-113\" data-elementor-post-type=\"page\">\n\t\t\t\t\t\t<section class=\"elementor-section elementor-top-section elementor-element elementor-element-1f08398 elementor-section-stretched elementor-section-full_width elementor-section-height-default elementor-section-height-default\" data-id=\"1f08398\" data-element_type=\"section\" data-settings=\"{&quot;stretch_section&quot;:&quot;section-stretched&quot;}\">\n\t\t\t\t\t\t<div class=\"elementor-container elementor-column-gap-default\">\n\t\t\t\t\t<div class=\"elementor-column elementor-col-100 elementor-top-column elementor-element elementor-element-d104ec3\" data-id=\"d104ec3\" data-element_type=\"column\">\n\t\t\t<div class=\"elementor-widget-wrap elementor-element-populated\">\n\t\t\t\t\t\t<div class=\"elementor-element elementor-element-f0b747e elementor-widget elementor-widget-heading\" data-id=\"f0b747e\" data-element_type=\"widget\" data-widget_type=\"heading.default\">\n\t\t\t\t<div class=\"elementor-widget-container\">\n\t\t\t\t\t<h2 class=\"elementor-heading-title elementor-size-default\">TAMPA PCO 1881 28mm baixa (Modelo B)<\/h2>\t\t\t\t<\/div>\n\t\t\t\t<\/div>\n\t\t\t\t\t<\/div>\n\t\t<\/div>\n\t\t\t\t\t<\/div>\n\t\t<\/section>\n\t\t\t\t<section class=\"elementor-section elementor-top-section elementor-element elementor-element-58da7ad elementor-section-full_width elementor-section-height-default elementor-section-height-default\" data-id=\"58da7ad\" data-element_type=\"section\">\n\t\t\t\t\t\t<div class=\"elementor-container elementor-column-gap-default\">\n\t\t\t\t\t<div class=\"elementor-column elementor-col-100 elementor-top-column elementor-element elementor-element-40016ff\" data-id=\"40016ff\" data-element_type=\"column\">\n\t\t\t<div class=\"elementor-widget-wrap elementor-element-populated\">\n\t\t\t\t\t\t<section class=\"elementor-section elementor-inner-section elementor-element elementor-element-75310ba elementor-section-full_width elementor-section-height-default elementor-section-height-default\" data-id=\"75310ba\" data-element_type=\"section\">\n\t\t\t\t\t\t<div class=\"elementor-container elementor-column-gap-default\">\n\t\t\t\t\t<div class=\"elementor-column elementor-col-50 elementor-inner-column elementor-element elementor-element-34e75cb\" data-id=\"34e75cb\" data-element_type=\"column\">\n\t\t\t<div class=\"elementor-widget-wrap elementor-element-populated\">\n\t\t\t\t\t\t<div class=\"elementor-element elementor-element-659344c elementor-widget elementor-widget-gallery\" data-id=\"659344c\" data-element_type=\"widget\" data-settings=\"{&quot;gallery_layout&quot;:&quot;justified&quot;,&quot;lazyload&quot;:&quot;yes&quot;,&quot;ideal_row_height&quot;:{&quot;unit&quot;:&quot;px&quot;,&quot;size&quot;:200,&quot;sizes&quot;:[]},&quot;ideal_row_height_tablet&quot;:{&quot;unit&quot;:&quot;px&quot;,&quot;size&quot;:150,&quot;sizes&quot;:[]},&quot;ideal_row_height_mobile&quot;:{&quot;unit&quot;:&quot;px&quot;,&quot;size&quot;:150,&quot;sizes&quot;:[]},&quot;gap&quot;:{&quot;unit&quot;:&quot;px&quot;,&quot;size&quot;:10,&quot;sizes&quot;:[]},&quot;gap_tablet&quot;:{&quot;unit&quot;:&quot;px&quot;,&quot;size&quot;:10,&quot;sizes&quot;:[]},&quot;gap_mobile&quot;:{&quot;unit&quot;:&quot;px&quot;,&quot;size&quot;:10,&quot;sizes&quot;:[]},&quot;link_to&quot;:&quot;file&quot;,&quot;content_hover_animation&quot;:&quot;fade-in&quot;}\" data-widget_type=\"gallery.default\">\n\t\t\t\t<div class=\"elementor-widget-container\">\n\t\t\t\t\t\t\t\t<div class=\"elementor-gallery__titles-container e--pointer-none\" aria-label=\"Gallery filter\">\n\t\t\t\t\n\t\t\t\t\t\t\t\t\t<a class=\"elementor-item elementor-gallery-title\" role=\"button\" tabindex=\"0\" data-gallery-index=\"0\">\n\t\t\t\t\t\tAzuis\t\t\t\t\t<\/a>\n\t\t\t\t\t\t\t\t\t\t<a class=\"elementor-item elementor-gallery-title\" role=\"button\" tabindex=\"0\" data-gallery-index=\"1\">\n\t\t\t\t\t\tCristal\t\t\t\t\t<\/a>\n\t\t\t\t\t\t\t\t\t\t<a class=\"elementor-item elementor-gallery-title\" role=\"button\" tabindex=\"0\" data-gallery-index=\"2\">\n\t\t\t\t\t\tLaranja\t\t\t\t\t<\/a>\n\t\t\t\t\t\t\t\t\t\t<a class=\"elementor-item elementor-gallery-title\" role=\"button\" tabindex=\"0\" data-gallery-index=\"3\">\n\t\t\t\t\t\tPreta\t\t\t\t\t<\/a>\n\t\t\t\t\t\t\t\t\t\t<a class=\"elementor-item elementor-gallery-title\" role=\"button\" tabindex=\"0\" data-gallery-index=\"4\">\n\t\t\t\t\t\tRoxa\t\t\t\t\t<\/a>\n\t\t\t\t\t\t\t\t<\/div>\n\t\t\t\t\t<div class=\"elementor-gallery__container\">\n\t\t\t\t\t\t\t<a class=\"e-gallery-item elementor-gallery-item elementor-animated-content\" data-e-gallery-tags=\"0\" href=\"https:\/\/quallytamp.com.br\/wp-content\/uploads\/2021\/04\/1881-Azul-Frente-A.png\" data-elementor-open-lightbox=\"yes\" data-elementor-lightbox-slideshow=\"659344c\" data-elementor-lightbox-title=\"1881 Azul Frente A\" data-e-action-hash=\"#elementor-action%3Aaction%3Dlightbox%26settings%3DeyJpZCI6MzU2LCJ1cmwiOiJodHRwczpcL1wvcXVhbGx5dGFtcC5jb20uYnJcL3dwLWNvbnRlbnRcL3VwbG9hZHNcLzIwMjFcLzA0XC8xODgxLUF6dWwtRnJlbnRlLUEucG5nIiwic2xpZGVzaG93IjoiNjU5MzQ0YyJ9\" rel=\"lightbox[113]\">\n\t\t\t\t\t<div class=\"e-gallery-image elementor-gallery-item__image\" data-thumbnail=\"https:\/\/quallytamp.com.br\/wp-content\/uploads\/2021\/04\/1881-Azul-Frente-A.png\" data-width=\"900\" data-height=\"600\" aria-label=\"\" role=\"img\" ><\/div>\n\t\t\t\t\t\t\t\t\t\t\t\t\t\t<\/a>\n\t\t\t\t\t\t\t<a class=\"e-gallery-item elementor-gallery-item elementor-animated-content\" data-e-gallery-tags=\"0\" href=\"https:\/\/quallytamp.com.br\/wp-content\/uploads\/2021\/04\/1881-Azul-Verso-A.png\" data-elementor-open-lightbox=\"yes\" data-elementor-lightbox-slideshow=\"659344c\" data-elementor-lightbox-title=\"1881 Azul Verso A\" data-e-action-hash=\"#elementor-action%3Aaction%3Dlightbox%26settings%3DeyJpZCI6MzU5LCJ1cmwiOiJodHRwczpcL1wvcXVhbGx5dGFtcC5jb20uYnJcL3dwLWNvbnRlbnRcL3VwbG9hZHNcLzIwMjFcLzA0XC8xODgxLUF6dWwtVmVyc28tQS5wbmciLCJzbGlkZXNob3ciOiI2NTkzNDRjIn0%3D\" rel=\"lightbox[113]\">\n\t\t\t\t\t<div class=\"e-gallery-image elementor-gallery-item__image\" data-thumbnail=\"https:\/\/quallytamp.com.br\/wp-content\/uploads\/2021\/04\/1881-Azul-Verso-A.png\" data-width=\"900\" data-height=\"600\" aria-label=\"\" role=\"img\" ><\/div>\n\t\t\t\t\t\t\t\t\t\t\t\t\t\t<\/a>\n\t\t\t\t\t\t\t<a class=\"e-gallery-item elementor-gallery-item elementor-animated-content\" data-e-gallery-tags=\"0\" href=\"https:\/\/quallytamp.com.br\/wp-content\/uploads\/2021\/04\/1881-Azul-Frente-B.png\" data-elementor-open-lightbox=\"yes\" data-elementor-lightbox-slideshow=\"659344c\" data-elementor-lightbox-title=\"1881 Azul Frente B\" data-e-action-hash=\"#elementor-action%3Aaction%3Dlightbox%26settings%3DeyJpZCI6MzU3LCJ1cmwiOiJodHRwczpcL1wvcXVhbGx5dGFtcC5jb20uYnJcL3dwLWNvbnRlbnRcL3VwbG9hZHNcLzIwMjFcLzA0XC8xODgxLUF6dWwtRnJlbnRlLUIucG5nIiwic2xpZGVzaG93IjoiNjU5MzQ0YyJ9\" rel=\"lightbox[113]\">\n\t\t\t\t\t<div class=\"e-gallery-image elementor-gallery-item__image\" data-thumbnail=\"https:\/\/quallytamp.com.br\/wp-content\/uploads\/2021\/04\/1881-Azul-Frente-B.png\" data-width=\"900\" data-height=\"600\" aria-label=\"\" role=\"img\" ><\/div>\n\t\t\t\t\t\t\t\t\t\t\t\t\t\t<\/a>\n\t\t\t\t\t\t\t<a class=\"e-gallery-item elementor-gallery-item elementor-animated-content\" data-e-gallery-tags=\"0\" href=\"https:\/\/quallytamp.com.br\/wp-content\/uploads\/2021\/04\/1881-Azul-Verso-B.png\" data-elementor-open-lightbox=\"yes\" data-elementor-lightbox-slideshow=\"659344c\" data-elementor-lightbox-title=\"1881 Azul Verso B\" data-e-action-hash=\"#elementor-action%3Aaction%3Dlightbox%26settings%3DeyJpZCI6MzYwLCJ1cmwiOiJodHRwczpcL1wvcXVhbGx5dGFtcC5jb20uYnJcL3dwLWNvbnRlbnRcL3VwbG9hZHNcLzIwMjFcLzA0XC8xODgxLUF6dWwtVmVyc28tQi5wbmciLCJzbGlkZXNob3ciOiI2NTkzNDRjIn0%3D\" rel=\"lightbox[113]\">\n\t\t\t\t\t<div class=\"e-gallery-image elementor-gallery-item__image\" data-thumbnail=\"https:\/\/quallytamp.com.br\/wp-content\/uploads\/2021\/04\/1881-Azul-Verso-B.png\" data-width=\"900\" data-height=\"600\" aria-label=\"\" role=\"img\" ><\/div>\n\t\t\t\t\t\t\t\t\t\t\t\t\t\t<\/a>\n\t\t\t\t\t\t\t<a class=\"e-gallery-item elementor-gallery-item elementor-animated-content\" data-e-gallery-tags=\"0\" href=\"https:\/\/quallytamp.com.br\/wp-content\/uploads\/2021\/04\/1881-Azul-Frente-C.png\" data-elementor-open-lightbox=\"yes\" data-elementor-lightbox-slideshow=\"659344c\" data-elementor-lightbox-title=\"1881 Azul Frente C\" data-e-action-hash=\"#elementor-action%3Aaction%3Dlightbox%26settings%3DeyJpZCI6MzU4LCJ1cmwiOiJodHRwczpcL1wvcXVhbGx5dGFtcC5jb20uYnJcL3dwLWNvbnRlbnRcL3VwbG9hZHNcLzIwMjFcLzA0XC8xODgxLUF6dWwtRnJlbnRlLUMucG5nIiwic2xpZGVzaG93IjoiNjU5MzQ0YyJ9\" rel=\"lightbox[113]\">\n\t\t\t\t\t<div class=\"e-gallery-image elementor-gallery-item__image\" data-thumbnail=\"https:\/\/quallytamp.com.br\/wp-content\/uploads\/2021\/04\/1881-Azul-Frente-C.png\" data-width=\"900\" data-height=\"600\" aria-label=\"\" role=\"img\" ><\/div>\n\t\t\t\t\t\t\t\t\t\t\t\t\t\t<\/a>\n\t\t\t\t\t\t\t<a class=\"e-gallery-item elementor-gallery-item elementor-animated-content\" data-e-gallery-tags=\"0\" href=\"https:\/\/quallytamp.com.br\/wp-content\/uploads\/2021\/04\/1881-Azul-Verso-C.png\" data-elementor-open-lightbox=\"yes\" data-elementor-lightbox-slideshow=\"659344c\" data-elementor-lightbox-title=\"1881 Azul Verso C\" data-e-action-hash=\"#elementor-action%3Aaction%3Dlightbox%26settings%3DeyJpZCI6MzYxLCJ1cmwiOiJodHRwczpcL1wvcXVhbGx5dGFtcC5jb20uYnJcL3dwLWNvbnRlbnRcL3VwbG9hZHNcLzIwMjFcLzA0XC8xODgxLUF6dWwtVmVyc28tQy5wbmciLCJzbGlkZXNob3ciOiI2NTkzNDRjIn0%3D\" rel=\"lightbox[113]\">\n\t\t\t\t\t<div class=\"e-gallery-image elementor-gallery-item__image\" data-thumbnail=\"https:\/\/quallytamp.com.br\/wp-content\/uploads\/2021\/04\/1881-Azul-Verso-C.png\" data-width=\"900\" data-height=\"600\" aria-label=\"\" role=\"img\" ><\/div>\n\t\t\t\t\t\t\t\t\t\t\t\t\t\t<\/a>\n\t\t\t\t\t\t\t<a class=\"e-gallery-item elementor-gallery-item elementor-animated-content\" data-e-gallery-tags=\"1\" href=\"https:\/\/quallytamp.com.br\/wp-content\/uploads\/2021\/04\/1881-Cristal-Frente.png\" data-elementor-open-lightbox=\"yes\" data-elementor-lightbox-slideshow=\"659344c\" data-elementor-lightbox-title=\"1881 Cristal Frente\" data-e-action-hash=\"#elementor-action%3Aaction%3Dlightbox%26settings%3DeyJpZCI6MzY0LCJ1cmwiOiJodHRwczpcL1wvcXVhbGx5dGFtcC5jb20uYnJcL3dwLWNvbnRlbnRcL3VwbG9hZHNcLzIwMjFcLzA0XC8xODgxLUNyaXN0YWwtRnJlbnRlLnBuZyIsInNsaWRlc2hvdyI6IjY1OTM0NGMifQ%3D%3D\" rel=\"lightbox[113]\">\n\t\t\t\t\t<div class=\"e-gallery-image elementor-gallery-item__image\" data-thumbnail=\"https:\/\/quallytamp.com.br\/wp-content\/uploads\/2021\/04\/1881-Cristal-Frente.png\" data-width=\"900\" data-height=\"600\" aria-label=\"\" role=\"img\" ><\/div>\n\t\t\t\t\t\t\t\t\t\t\t\t\t\t<\/a>\n\t\t\t\t\t\t\t<a class=\"e-gallery-item elementor-gallery-item elementor-animated-content\" data-e-gallery-tags=\"1\" href=\"https:\/\/quallytamp.com.br\/wp-content\/uploads\/2021\/04\/1881-Cristal-Verso.png\" data-elementor-open-lightbox=\"yes\" data-elementor-lightbox-slideshow=\"659344c\" data-elementor-lightbox-title=\"1881 Cristal Verso\" data-e-action-hash=\"#elementor-action%3Aaction%3Dlightbox%26settings%3DeyJpZCI6MzY1LCJ1cmwiOiJodHRwczpcL1wvcXVhbGx5dGFtcC5jb20uYnJcL3dwLWNvbnRlbnRcL3VwbG9hZHNcLzIwMjFcLzA0XC8xODgxLUNyaXN0YWwtVmVyc28ucG5nIiwic2xpZGVzaG93IjoiNjU5MzQ0YyJ9\" rel=\"lightbox[113]\">\n\t\t\t\t\t<div class=\"e-gallery-image elementor-gallery-item__image\" data-thumbnail=\"https:\/\/quallytamp.com.br\/wp-content\/uploads\/2021\/04\/1881-Cristal-Verso.png\" data-width=\"900\" data-height=\"600\" aria-label=\"\" role=\"img\" ><\/div>\n\t\t\t\t\t\t\t\t\t\t\t\t\t\t<\/a>\n\t\t\t\t\t\t\t<a class=\"e-gallery-item elementor-gallery-item elementor-animated-content\" data-e-gallery-tags=\"2\" href=\"https:\/\/quallytamp.com.br\/wp-content\/uploads\/2021\/04\/1881-Laranja-Frente.png\" data-elementor-open-lightbox=\"yes\" data-elementor-lightbox-slideshow=\"659344c\" data-elementor-lightbox-title=\"1881 Laranja Frente\" data-e-action-hash=\"#elementor-action%3Aaction%3Dlightbox%26settings%3DeyJpZCI6MzYyLCJ1cmwiOiJodHRwczpcL1wvcXVhbGx5dGFtcC5jb20uYnJcL3dwLWNvbnRlbnRcL3VwbG9hZHNcLzIwMjFcLzA0XC8xODgxLUxhcmFuamEtRnJlbnRlLnBuZyIsInNsaWRlc2hvdyI6IjY1OTM0NGMifQ%3D%3D\" rel=\"lightbox[113]\">\n\t\t\t\t\t<div class=\"e-gallery-image elementor-gallery-item__image\" data-thumbnail=\"https:\/\/quallytamp.com.br\/wp-content\/uploads\/2021\/04\/1881-Laranja-Frente.png\" data-width=\"900\" data-height=\"600\" aria-label=\"\" role=\"img\" ><\/div>\n\t\t\t\t\t\t\t\t\t\t\t\t\t\t<\/a>\n\t\t\t\t\t\t\t<a class=\"e-gallery-item elementor-gallery-item elementor-animated-content\" data-e-gallery-tags=\"2\" href=\"https:\/\/quallytamp.com.br\/wp-content\/uploads\/2021\/04\/1881-Laranja-Verso.png\" data-elementor-open-lightbox=\"yes\" data-elementor-lightbox-slideshow=\"659344c\" data-elementor-lightbox-title=\"1881 Laranja Verso\" data-e-action-hash=\"#elementor-action%3Aaction%3Dlightbox%26settings%3DeyJpZCI6MzYzLCJ1cmwiOiJodHRwczpcL1wvcXVhbGx5dGFtcC5jb20uYnJcL3dwLWNvbnRlbnRcL3VwbG9hZHNcLzIwMjFcLzA0XC8xODgxLUxhcmFuamEtVmVyc28ucG5nIiwic2xpZGVzaG93IjoiNjU5MzQ0YyJ9\" rel=\"lightbox[113]\">\n\t\t\t\t\t<div class=\"e-gallery-image elementor-gallery-item__image\" data-thumbnail=\"https:\/\/quallytamp.com.br\/wp-content\/uploads\/2021\/04\/1881-Laranja-Verso.png\" data-width=\"900\" data-height=\"600\" aria-label=\"\" role=\"img\" ><\/div>\n\t\t\t\t\t\t\t\t\t\t\t\t\t\t<\/a>\n\t\t\t\t\t\t\t<a class=\"e-gallery-item elementor-gallery-item elementor-animated-content\" data-e-gallery-tags=\"3\" href=\"https:\/\/quallytamp.com.br\/wp-content\/uploads\/2021\/04\/1881-Preta-Frente.png\" data-elementor-open-lightbox=\"yes\" data-elementor-lightbox-slideshow=\"659344c\" data-elementor-lightbox-title=\"1881 Preta Frente\" data-e-action-hash=\"#elementor-action%3Aaction%3Dlightbox%26settings%3DeyJpZCI6MzY2LCJ1cmwiOiJodHRwczpcL1wvcXVhbGx5dGFtcC5jb20uYnJcL3dwLWNvbnRlbnRcL3VwbG9hZHNcLzIwMjFcLzA0XC8xODgxLVByZXRhLUZyZW50ZS5wbmciLCJzbGlkZXNob3ciOiI2NTkzNDRjIn0%3D\" rel=\"lightbox[113]\">\n\t\t\t\t\t<div class=\"e-gallery-image elementor-gallery-item__image\" data-thumbnail=\"https:\/\/quallytamp.com.br\/wp-content\/uploads\/2021\/04\/1881-Preta-Frente.png\" data-width=\"900\" data-height=\"600\" aria-label=\"\" role=\"img\" ><\/div>\n\t\t\t\t\t\t\t\t\t\t\t\t\t\t<\/a>\n\t\t\t\t\t\t\t<a class=\"e-gallery-item elementor-gallery-item elementor-animated-content\" data-e-gallery-tags=\"3\" href=\"https:\/\/quallytamp.com.br\/wp-content\/uploads\/2021\/04\/1881-Preta-Verso.png\" data-elementor-open-lightbox=\"yes\" data-elementor-lightbox-slideshow=\"659344c\" data-elementor-lightbox-title=\"1881 Preta Verso\" data-e-action-hash=\"#elementor-action%3Aaction%3Dlightbox%26settings%3DeyJpZCI6MzY3LCJ1cmwiOiJodHRwczpcL1wvcXVhbGx5dGFtcC5jb20uYnJcL3dwLWNvbnRlbnRcL3VwbG9hZHNcLzIwMjFcLzA0XC8xODgxLVByZXRhLVZlcnNvLnBuZyIsInNsaWRlc2hvdyI6IjY1OTM0NGMifQ%3D%3D\" rel=\"lightbox[113]\">\n\t\t\t\t\t<div class=\"e-gallery-image elementor-gallery-item__image\" data-thumbnail=\"https:\/\/quallytamp.com.br\/wp-content\/uploads\/2021\/04\/1881-Preta-Verso.png\" data-width=\"900\" data-height=\"600\" aria-label=\"\" role=\"img\" ><\/div>\n\t\t\t\t\t\t\t\t\t\t\t\t\t\t<\/a>\n\t\t\t\t\t\t\t<a class=\"e-gallery-item elementor-gallery-item elementor-animated-content\" data-e-gallery-tags=\"4\" href=\"https:\/\/quallytamp.com.br\/wp-content\/uploads\/2021\/04\/1881-Roxa-Frente.png\" data-elementor-open-lightbox=\"yes\" data-elementor-lightbox-slideshow=\"659344c\" data-elementor-lightbox-title=\"1881 Roxa Frente\" data-e-action-hash=\"#elementor-action%3Aaction%3Dlightbox%26settings%3DeyJpZCI6MzY4LCJ1cmwiOiJodHRwczpcL1wvcXVhbGx5dGFtcC5jb20uYnJcL3dwLWNvbnRlbnRcL3VwbG9hZHNcLzIwMjFcLzA0XC8xODgxLVJveGEtRnJlbnRlLnBuZyIsInNsaWRlc2hvdyI6IjY1OTM0NGMifQ%3D%3D\" rel=\"lightbox[113]\">\n\t\t\t\t\t<div class=\"e-gallery-image elementor-gallery-item__image\" data-thumbnail=\"https:\/\/quallytamp.com.br\/wp-content\/uploads\/2021\/04\/1881-Roxa-Frente.png\" data-width=\"900\" data-height=\"600\" aria-label=\"\" role=\"img\" ><\/div>\n\t\t\t\t\t\t\t\t\t\t\t\t\t\t<\/a>\n\t\t\t\t\t\t\t<a class=\"e-gallery-item elementor-gallery-item elementor-animated-content\" data-e-gallery-tags=\"4\" href=\"https:\/\/quallytamp.com.br\/wp-content\/uploads\/2021\/04\/1881-Roxa-Verso.png\" data-elementor-open-lightbox=\"yes\" data-elementor-lightbox-slideshow=\"659344c\" data-elementor-lightbox-title=\"1881 Roxa Verso\" data-e-action-hash=\"#elementor-action%3Aaction%3Dlightbox%26settings%3DeyJpZCI6MzY5LCJ1cmwiOiJodHRwczpcL1wvcXVhbGx5dGFtcC5jb20uYnJcL3dwLWNvbnRlbnRcL3VwbG9hZHNcLzIwMjFcLzA0XC8xODgxLVJveGEtVmVyc28ucG5nIiwic2xpZGVzaG93IjoiNjU5MzQ0YyJ9\" rel=\"lightbox[113]\">\n\t\t\t\t\t<div class=\"e-gallery-image elementor-gallery-item__image\" data-thumbnail=\"https:\/\/quallytamp.com.br\/wp-content\/uploads\/2021\/04\/1881-Roxa-Verso.png\" data-width=\"900\" data-height=\"600\" aria-label=\"\" role=\"img\" ><\/div>\n\t\t\t\t\t\t\t\t\t\t\t\t\t\t<\/a>\n\t\t\t\t\t<\/div>\n\t\t\t\t\t<\/div>\n\t\t\t\t<\/div>\n\t\t\t\t\t<\/div>\n\t\t<\/div>\n\t\t\t\t<div class=\"elementor-column elementor-col-50 elementor-inner-column elementor-element elementor-element-9691476\" data-id=\"9691476\" data-element_type=\"column\">\n\t\t\t<div class=\"elementor-widget-wrap elementor-element-populated\">\n\t\t\t\t\t\t<div class=\"elementor-element elementor-element-6d7a0c4 elementor-widget elementor-widget-text-editor\" data-id=\"6d7a0c4\" data-element_type=\"widget\" data-widget_type=\"text-editor.default\">\n\t\t\t\t<div class=\"elementor-widget-container\">\n\t\t\t\t\t\t\t\t\t<div>\n<h2 style=\"text-align: justify;\"><strong>Tampa PCO 1881 28mm baixa (Modelo B)<br><\/strong><\/h2>\n<p style=\"text-align: justify;\"><strong><br><\/strong><\/p><p style=\"text-align: justify;\"><strong>DESCRI\u00c7\u00c3O:<\/strong><\/p>\n<p style=\"text-align: justify;\" align=\"justify\">Uso em garrafas de \u00e1gua ou de bebidas n\u00e3o carbonatadas.<\/p>\n<p style=\"text-align: justify;\" align=\"justify\">\u00c9 uma tampa com designer novo, aumentando sua confiabilidade e seguran\u00e7a, fornecido com batoque de veda\u00e7\u00e3o e lacre de rompimento..<\/p>\n<p style=\"text-align: justify;\">*Nossos produtos podem ser desenvolvidos em diversas cores e tamb\u00e9m em cores espec\u00edficas conforme a necessidade do cliente.<\/p>\n<div data-id=\"4c6a282\" data-element_type=\"widget\" data-widget_type=\"text-editor.default\">\n<div>\n<div>\n<p style=\"text-align: justify;\"><sup><b>*Cores personalizadas com pedido m\u00ednimo.<\/b><\/sup><\/p>\n<\/div>\n<\/div>\n<\/div>\n<\/div>\t\t\t\t\t\t\t\t<\/div>\n\t\t\t\t<\/div>\n\t\t\t\t\t<\/div>\n\t\t<\/div>\n\t\t\t\t\t<\/div>\n\t\t<\/section>\n\t\t\t\t\t<\/div>\n\t\t<\/div>\n\t\t\t\t\t<\/div>\n\t\t<\/section>\n\t\t\t\t<\/div>\n\t\t","protected":false},"excerpt":{"rendered":"<p>TAMPA PCO 1881 28mm baixa (Modelo B) Azuis Cristal Laranja Preta Roxa Tampa PCO 1881 28mm baixa (Modelo B) DESCRI\u00c7\u00c3O: Uso em garrafas de \u00e1gua ou de bebidas n\u00e3o carbonatadas. \u00c9 uma tampa com designer novo, aumentando sua confiabilidade e seguran\u00e7a, fornecido com batoque de veda\u00e7\u00e3o e lacre de rompimento.. *Nossos produtos podem ser desenvolvidos [&#8230;]\n","protected":false},"author":1,"featured_media":0,"parent":0,"menu_order":0,"comment_status":"closed","ping_status":"closed","template":"","meta":{"_joinchat":[],"footnotes":""},"_links":{"self":[{"href":"https:\/\/quallytamp.com.br\/index.php?rest_route=\/wp\/v2\/pages\/113"}],"collection":[{"href":"https:\/\/quallytamp.com.br\/index.php?rest_route=\/wp\/v2\/pages"}],"about":[{"href":"https:\/\/quallytamp.com.br\/index.php?rest_route=\/wp\/v2\/types\/page"}],"author":[{"embeddable":true,"href":"https:\/\/quallytamp.com.br\/index.php?rest_route=\/wp\/v2\/users\/1"}],"replies":[{"embeddable":true,"href":"https:\/\/quallytamp.com.br\/index.php?rest_route=%2Fwp%2Fv2%2Fcomments&post=113"}],"version-history":[{"count":25,"href":"https:\/\/quallytamp.com.br\/index.php?rest_route=\/wp\/v2\/pages\/113\/revisions"}],"predecessor-version":[{"id":462,"href":"https:\/\/quallytamp.com.br\/index.php?rest_route=\/wp\/v2\/pages\/113\/revisions\/462"}],"wp:attachment":[{"href":"https:\/\/quallytamp.com.br\/index.php?rest_route=%2Fwp%2Fv2%2Fmedia&parent=113"}],"curies":[{"name":"wp","href":"https:\/\/api.w.org\/{rel}","templated":true}]}}