{"id":123,"date":"2020-09-21T15:25:23","date_gmt":"2020-09-21T15:25:23","guid":{"rendered":"https:\/\/quallytamp.com.br\/?page_id=123"},"modified":"2024-04-30T12:07:42","modified_gmt":"2024-04-30T12:07:42","slug":"trabalhe-conosco","status":"publish","type":"page","link":"https:\/\/quallytamp.com.br\/?page_id=123","title":{"rendered":"Trabalhe Conosco"},"content":{"rendered":"\t\t<div data-elementor-type=\"wp-page\" data-elementor-id=\"123\" class=\"elementor elementor-123\" data-elementor-post-type=\"page\">\n\t\t\t\t\t\t<section class=\"elementor-section elementor-top-section elementor-element elementor-element-b531924 elementor-section-full_width elementor-section-height-default elementor-section-height-default\" data-id=\"b531924\" data-element_type=\"section\">\n\t\t\t\t\t\t<div class=\"elementor-container elementor-column-gap-default\">\n\t\t\t\t\t<div class=\"elementor-column elementor-col-100 elementor-top-column elementor-element elementor-element-cd829f8\" data-id=\"cd829f8\" data-element_type=\"column\">\n\t\t\t<div class=\"elementor-widget-wrap elementor-element-populated\">\n\t\t\t\t\t\t<div class=\"elementor-element elementor-element-26d4a4e elementor-widget elementor-widget-heading\" data-id=\"26d4a4e\" data-element_type=\"widget\" data-widget_type=\"heading.default\">\n\t\t\t\t<div class=\"elementor-widget-container\">\n\t\t\t\t\t<h2 class=\"elementor-heading-title elementor-size-default\">TRABALHE CONOSCO<\/h2>\t\t\t\t<\/div>\n\t\t\t\t<\/div>\n\t\t\t\t<div class=\"elementor-element elementor-element-3ee8a87 elementor-widget elementor-widget-text-editor\" data-id=\"3ee8a87\" data-element_type=\"widget\" data-widget_type=\"text-editor.default\">\n\t\t\t\t<div class=\"elementor-widget-container\">\n\t\t\t\t\t\t\t\t\t<p style=\"text-align: justify;\">J\u00e1 pensou em trabalhar em um lugar onde o principal objetivo \u00e9 crescer junto? No Grupo Quallytamp \u00e9 assim! Se voc\u00ea chegou at\u00e9 aqui em busca de oportunidade, acreditamos que deseja fazer parte de um Grupo que promove transforma\u00e7\u00e3o social.<\/p><p style=\"text-align: justify;\">Venha somar o seu prop\u00f3sito ao nosso neg\u00f3cio e fazer parte desta trajet\u00f3ria de sucesso, inovando constantemente, compartilhando nossas experi\u00eancias, questionando como fazemos as coisas e nos adaptando a novos desafios.<\/p><p style=\"text-align: justify;\">Grupo Quallytamp, fa\u00e7a parte!<\/p>\t\t\t\t\t\t\t\t<\/div>\n\t\t\t\t<\/div>\n\t\t\t\t\t<\/div>\n\t\t<\/div>\n\t\t\t\t\t<\/div>\n\t\t<\/section>\n\t\t\t\t<section class=\"elementor-section elementor-top-section elementor-element elementor-element-eabf5d2 elementor-section-boxed elementor-section-height-default elementor-section-height-default\" data-id=\"eabf5d2\" data-element_type=\"section\">\n\t\t\t\t\t\t<div class=\"elementor-container elementor-column-gap-default\">\n\t\t\t\t\t<div class=\"elementor-column elementor-col-100 elementor-top-column elementor-element elementor-element-a70dc8f\" data-id=\"a70dc8f\" data-element_type=\"column\">\n\t\t\t<div class=\"elementor-widget-wrap elementor-element-populated\">\n\t\t\t\t\t\t<section class=\"elementor-section elementor-inner-section elementor-element elementor-element-4d81c32 elementor-section-full_width elementor-section-height-default elementor-section-height-default\" data-id=\"4d81c32\" data-element_type=\"section\">\n\t\t\t\t\t\t<div class=\"elementor-container elementor-column-gap-default\">\n\t\t\t\t\t<div class=\"elementor-column elementor-col-50 elementor-inner-column elementor-element elementor-element-cec92ad\" data-id=\"cec92ad\" data-element_type=\"column\">\n\t\t\t<div class=\"elementor-widget-wrap elementor-element-populated\">\n\t\t\t\t\t\t<div class=\"elementor-element elementor-element-654bbd2 elementor-widget elementor-widget-image\" data-id=\"654bbd2\" data-element_type=\"widget\" data-widget_type=\"image.default\">\n\t\t\t\t<div class=\"elementor-widget-container\">\n\t\t\t\t\t\t\t\t\t\t\t\t\t\t\t<img fetchpriority=\"high\" decoding=\"async\" width=\"900\" height=\"600\" src=\"https:\/\/quallytamp.com.br\/wp-content\/uploads\/2020\/11\/trabalhe-conosco.jpg\" class=\"attachment-large size-large wp-image-196\" alt=\"\" srcset=\"https:\/\/quallytamp.com.br\/wp-content\/uploads\/2020\/11\/trabalhe-conosco.jpg 900w, https:\/\/quallytamp.com.br\/wp-content\/uploads\/2020\/11\/trabalhe-conosco-600x400.jpg 600w, https:\/\/quallytamp.com.br\/wp-content\/uploads\/2020\/11\/trabalhe-conosco-300x200.jpg 300w, https:\/\/quallytamp.com.br\/wp-content\/uploads\/2020\/11\/trabalhe-conosco-768x512.jpg 768w\" sizes=\"(max-width: 900px) 100vw, 900px\" \/>\t\t\t\t\t\t\t\t\t\t\t\t\t\t\t<\/div>\n\t\t\t\t<\/div>\n\t\t\t\t<div class=\"elementor-element elementor-element-98a4556 elementor-widget elementor-widget-heading\" data-id=\"98a4556\" data-element_type=\"widget\" data-widget_type=\"heading.default\">\n\t\t\t\t<div class=\"elementor-widget-container\">\n\t\t\t\t\t<h4 class=\"elementor-heading-title elementor-size-default\">(19) 3562-2220  \/ (19) 3562-2123<br>\n\n(19) 3562-2220  - Whatsapp<br><br>\nHor\u00e1rio de Atendimento:<br>\ndas 08:00 \u00e0s 12:00<br>\ndas 13:00 \u00e0s 17:00\n<\/h4>\t\t\t\t<\/div>\n\t\t\t\t<\/div>\n\t\t\t\t\t<\/div>\n\t\t<\/div>\n\t\t\t\t<div class=\"elementor-column elementor-col-50 elementor-inner-column elementor-element elementor-element-046634e\" data-id=\"046634e\" data-element_type=\"column\">\n\t\t\t<div class=\"elementor-widget-wrap elementor-element-populated\">\n\t\t\t\t\t\t<div class=\"elementor-element elementor-element-e251bf4 elementor-widget elementor-widget-shortcode\" data-id=\"e251bf4\" data-element_type=\"widget\" data-widget_type=\"shortcode.default\">\n\t\t\t\t<div class=\"elementor-widget-container\">\n\t\t\t\t\t\t\t<div class=\"elementor-shortcode\">\n<div class=\"wpcf7 no-js\" id=\"wpcf7-f192-o1\" lang=\"pt-BR\" dir=\"ltr\">\n<div class=\"screen-reader-response\"><p role=\"status\" aria-live=\"polite\" aria-atomic=\"true\"><\/p> <ul><\/ul><\/div>\n<form action=\"\/index.php?rest_route=%2Fwp%2Fv2%2Fpages%2F123#wpcf7-f192-o1\" method=\"post\" class=\"wpcf7-form init\" aria-label=\"Formul\u00e1rios de contato\" enctype=\"multipart\/form-data\" novalidate=\"novalidate\" data-status=\"init\">\n<div style=\"display: none;\">\n<input type=\"hidden\" name=\"_wpcf7\" value=\"192\" \/>\n<input type=\"hidden\" name=\"_wpcf7_version\" value=\"5.9.8\" \/>\n<input type=\"hidden\" name=\"_wpcf7_locale\" value=\"pt_BR\" \/>\n<input type=\"hidden\" name=\"_wpcf7_unit_tag\" value=\"wpcf7-f192-o1\" \/>\n<input type=\"hidden\" name=\"_wpcf7_container_post\" value=\"0\" \/>\n<input type=\"hidden\" name=\"_wpcf7_posted_data_hash\" value=\"\" \/>\n<\/div>\n<p><span class=\"wpcf7-form-control-wrap\" data-name=\"your-name\"><input size=\"40\" maxlength=\"400\" class=\"wpcf7-form-control wpcf7-text wpcf7-validates-as-required\" aria-required=\"true\" aria-invalid=\"false\" placeholder=\"Seu nome\" value=\"\" type=\"text\" name=\"your-name\" \/><\/span>\n<\/p>\n<p><span class=\"wpcf7-form-control-wrap\" data-name=\"your-email\"><input size=\"40\" maxlength=\"400\" class=\"wpcf7-form-control wpcf7-email wpcf7-validates-as-required wpcf7-text wpcf7-validates-as-email\" aria-required=\"true\" aria-invalid=\"false\" placeholder=\"Seu email\" value=\"\" type=\"email\" name=\"your-email\" \/><\/span>\n<\/p>\n<p><span class=\"wpcf7-form-control-wrap mask-742\"><input type=\"tel\" value=\"\" name=\"mask-742\" class=\"wpcf7-form-control wpcf7-mask wpcf7mf-mask\" size=\"40\" aria-required=\"\" aria-invalid=\"\" placeholder=\"Telefone Fixo ou Celular\" data-mask=\"(__) _________\" \/><\/span>\n<\/p>\n<p><span class=\"wpcf7-form-control-wrap\" data-name=\"textarea-562\"><textarea cols=\"40\" rows=\"10\" maxlength=\"2000\" class=\"wpcf7-form-control wpcf7-textarea\" aria-invalid=\"false\" placeholder=\"OBSERVA\u00c7\u00d5ES\" name=\"textarea-562\"><\/textarea><\/span>\n<\/p>\n<p><sup style=\"color: #7a7a7a\">Arquivos de Curr\u00edculo ou Apresenta\u00e7\u00f5es somente nos formatos \"<B>PDF | DOC | DOCX | PPT | PPTX<\/b>\"<\/sup>\n<\/p>\n<p><span class=\"wpcf7-form-control-wrap\" data-name=\"file-900\"><input size=\"40\" class=\"wpcf7-form-control wpcf7-file\" accept=\".pdf,.doc,.docx,.ppt,.pptx\" aria-invalid=\"false\" type=\"file\" name=\"file-900\" \/><\/span>\n<\/p>\n<p><sup style=\"color: #7a7a7a\">&nbsp;<\/sup><br \/>\n<span class=\"wpcf7-form-control-wrap\" data-name=\"acceptance-6\"><span class=\"wpcf7-form-control wpcf7-acceptance\"><span class=\"wpcf7-list-item\"><label><input type=\"checkbox\" name=\"acceptance-6\" value=\"1\" aria-invalid=\"false\" \/><span class=\"wpcf7-list-item-label\">&nbsp; &nbsp; De acordo com as Leis 12.965\/2014 e 13.709\/2018, que regulam o uso da Internet e tratamento de dados pessoais no Brasil, ao me comunicar por esse meio autorizo \"Quallytamp\" enviar notifica\u00e7\u00f5es por e-mail ou outros meios e concordo com sua <a href=\" \/\/www.quallytamp.com.br\/politica-de-privacidade\/\" target=\"_blank\">Pol\u00edtica &nbsp;de Privacidade<\/a>.<\/span><\/label><\/span><\/span><\/span>\n<\/p>\n<p><input class=\"wpcf7-form-control wpcf7-submit has-spinner\" type=\"submit\" value=\"Enviar\" \/>\n<\/p><div class=\"wpcf7-response-output\" aria-hidden=\"true\"><\/div>\n<\/form>\n<\/div>\n<\/div>\n\t\t\t\t\t\t<\/div>\n\t\t\t\t<\/div>\n\t\t\t\t\t<\/div>\n\t\t<\/div>\n\t\t\t\t\t<\/div>\n\t\t<\/section>\n\t\t\t\t\t<\/div>\n\t\t<\/div>\n\t\t\t\t\t<\/div>\n\t\t<\/section>\n\t\t\t\t<\/div>\n\t\t","protected":false},"excerpt":{"rendered":"<p>TRABALHE CONOSCO J\u00e1 pensou em trabalhar em um lugar onde o principal objetivo \u00e9 crescer junto? No Grupo Quallytamp \u00e9 assim! Se voc\u00ea chegou at\u00e9 aqui em busca de oportunidade, acreditamos que deseja fazer parte de um Grupo que promove transforma\u00e7\u00e3o social. Venha somar o seu prop\u00f3sito ao nosso neg\u00f3cio e fazer parte desta trajet\u00f3ria [&#8230;]\n","protected":false},"author":1,"featured_media":0,"parent":0,"menu_order":0,"comment_status":"closed","ping_status":"closed","template":"","meta":{"_joinchat":[],"footnotes":""},"_links":{"self":[{"href":"https:\/\/quallytamp.com.br\/index.php?rest_route=\/wp\/v2\/pages\/123"}],"collection":[{"href":"https:\/\/quallytamp.com.br\/index.php?rest_route=\/wp\/v2\/pages"}],"about":[{"href":"https:\/\/quallytamp.com.br\/index.php?rest_route=\/wp\/v2\/types\/page"}],"author":[{"embeddable":true,"href":"https:\/\/quallytamp.com.br\/index.php?rest_route=\/wp\/v2\/users\/1"}],"replies":[{"embeddable":true,"href":"https:\/\/quallytamp.com.br\/index.php?rest_route=%2Fwp%2Fv2%2Fcomments&post=123"}],"version-history":[{"count":29,"href":"https:\/\/quallytamp.com.br\/index.php?rest_route=\/wp\/v2\/pages\/123\/revisions"}],"predecessor-version":[{"id":581,"href":"https:\/\/quallytamp.com.br\/index.php?rest_route=\/wp\/v2\/pages\/123\/revisions\/581"}],"wp:attachment":[{"href":"https:\/\/quallytamp.com.br\/index.php?rest_route=%2Fwp%2Fv2%2Fmedia&parent=123"}],"curies":[{"name":"wp","href":"https:\/\/api.w.org\/{rel}","templated":true}]}}