{"id":143,"date":"2020-10-28T12:53:12","date_gmt":"2020-10-28T12:53:12","guid":{"rendered":"https:\/\/quallytamp.com.br\/?page_id=143"},"modified":"2024-04-30T12:09:29","modified_gmt":"2024-04-30T12:09:29","slug":"fale-conosco","status":"publish","type":"page","link":"https:\/\/quallytamp.com.br\/?page_id=143","title":{"rendered":"Fale Conosco"},"content":{"rendered":"\t\t<div data-elementor-type=\"wp-page\" data-elementor-id=\"143\" class=\"elementor elementor-143\" data-elementor-post-type=\"page\">\n\t\t\t\t\t\t<section class=\"elementor-section elementor-top-section elementor-element elementor-element-94ed7fb elementor-section-full_width elementor-section-height-default elementor-section-height-default\" data-id=\"94ed7fb\" data-element_type=\"section\">\n\t\t\t\t\t\t<div class=\"elementor-container elementor-column-gap-default\">\n\t\t\t\t\t<div class=\"elementor-column elementor-col-100 elementor-top-column elementor-element elementor-element-42ee924\" data-id=\"42ee924\" data-element_type=\"column\">\n\t\t\t<div class=\"elementor-widget-wrap elementor-element-populated\">\n\t\t\t\t\t\t<div class=\"elementor-element elementor-element-f30618c elementor-widget elementor-widget-heading\" data-id=\"f30618c\" data-element_type=\"widget\" data-widget_type=\"heading.default\">\n\t\t\t\t<div class=\"elementor-widget-container\">\n\t\t\t\t\t<h2 class=\"elementor-heading-title elementor-size-default\">FALE CONOSCO<\/h2>\t\t\t\t<\/div>\n\t\t\t\t<\/div>\n\t\t\t\t<div class=\"elementor-element elementor-element-ac12635 elementor-widget elementor-widget-text-editor\" data-id=\"ac12635\" data-element_type=\"widget\" data-widget_type=\"text-editor.default\">\n\t\t\t\t<div class=\"elementor-widget-container\">\n\t\t\t\t\t\t\t\t\t<p style=\"text-align: justify;\">Este canal de comunica\u00e7\u00e3o \u00e9 para voc\u00ea se aproximar do <em><strong>GRUPO QUALLYTAMP<\/strong><\/em>, enviando seus coment\u00e1rios, sugest\u00f5es e d\u00favidas. N\u00f3s teremos o maior prazer em lhe responder, Sua opini\u00e3o \u00e9 muito importante, aqui voc\u00ea pode solicitar informa\u00e7\u00f5es detalhadas sobre nossos produtos e servi\u00e7os. Para isso, basta preencher o formul\u00e1rio abaixo e enviar o seu e-mail.<\/p>\t\t\t\t\t\t\t\t<\/div>\n\t\t\t\t<\/div>\n\t\t\t\t<section class=\"elementor-section elementor-inner-section elementor-element elementor-element-8e446a4 elementor-section-full_width elementor-section-height-default elementor-section-height-default\" data-id=\"8e446a4\" data-element_type=\"section\">\n\t\t\t\t\t\t<div class=\"elementor-container elementor-column-gap-default\">\n\t\t\t\t\t<div class=\"elementor-column elementor-col-50 elementor-inner-column elementor-element elementor-element-6322ddb\" data-id=\"6322ddb\" data-element_type=\"column\">\n\t\t\t<div class=\"elementor-widget-wrap elementor-element-populated\">\n\t\t\t\t\t\t<div class=\"elementor-element elementor-element-78208d4 elementor-widget elementor-widget-image\" data-id=\"78208d4\" data-element_type=\"widget\" data-widget_type=\"image.default\">\n\t\t\t\t<div class=\"elementor-widget-container\">\n\t\t\t\t\t\t\t\t\t\t\t\t\t\t\t<img fetchpriority=\"high\" decoding=\"async\" width=\"900\" height=\"600\" src=\"https:\/\/quallytamp.com.br\/wp-content\/uploads\/2020\/11\/fale-conosco.jpg\" class=\"attachment-large size-large wp-image-199\" alt=\"\" srcset=\"https:\/\/quallytamp.com.br\/wp-content\/uploads\/2020\/11\/fale-conosco.jpg 900w, https:\/\/quallytamp.com.br\/wp-content\/uploads\/2020\/11\/fale-conosco-600x400.jpg 600w, https:\/\/quallytamp.com.br\/wp-content\/uploads\/2020\/11\/fale-conosco-300x200.jpg 300w, https:\/\/quallytamp.com.br\/wp-content\/uploads\/2020\/11\/fale-conosco-768x512.jpg 768w\" sizes=\"(max-width: 900px) 100vw, 900px\" \/>\t\t\t\t\t\t\t\t\t\t\t\t\t\t\t<\/div>\n\t\t\t\t<\/div>\n\t\t\t\t<div class=\"elementor-element elementor-element-52fe4eb elementor-widget elementor-widget-heading\" data-id=\"52fe4eb\" data-element_type=\"widget\" data-widget_type=\"heading.default\">\n\t\t\t\t<div class=\"elementor-widget-container\">\n\t\t\t\t\t<h4 class=\"elementor-heading-title elementor-size-default\">(19) 3562-2220  \/ (19) 3562-2123<br>\n\n(19) 3562-2220 - Whatsapp<br><br>\nHor\u00e1rio de Atendimento:<br>\ndas 08:00 \u00e0s 12:00<br>\ndas 13:00 \u00e0s 17:00\n<\/h4>\t\t\t\t<\/div>\n\t\t\t\t<\/div>\n\t\t\t\t\t<\/div>\n\t\t<\/div>\n\t\t\t\t<div class=\"elementor-column elementor-col-50 elementor-inner-column elementor-element elementor-element-eb66fb3\" data-id=\"eb66fb3\" data-element_type=\"column\">\n\t\t\t<div class=\"elementor-widget-wrap elementor-element-populated\">\n\t\t\t\t\t\t<div class=\"elementor-element elementor-element-63050f5 elementor-widget elementor-widget-shortcode\" data-id=\"63050f5\" data-element_type=\"widget\" data-widget_type=\"shortcode.default\">\n\t\t\t\t<div class=\"elementor-widget-container\">\n\t\t\t\t\t\t\t<div class=\"elementor-shortcode\">\n<div class=\"wpcf7 no-js\" id=\"wpcf7-f142-o1\" lang=\"pt-BR\" dir=\"ltr\">\n<div class=\"screen-reader-response\"><p role=\"status\" aria-live=\"polite\" aria-atomic=\"true\"><\/p> <ul><\/ul><\/div>\n<form action=\"\/index.php?rest_route=%2Fwp%2Fv2%2Fpages%2F143#wpcf7-f142-o1\" method=\"post\" class=\"wpcf7-form init\" aria-label=\"Formul\u00e1rios de contato\" novalidate=\"novalidate\" data-status=\"init\">\n<div style=\"display: none;\">\n<input type=\"hidden\" name=\"_wpcf7\" value=\"142\" \/>\n<input type=\"hidden\" name=\"_wpcf7_version\" value=\"5.9.8\" \/>\n<input type=\"hidden\" name=\"_wpcf7_locale\" value=\"pt_BR\" \/>\n<input type=\"hidden\" name=\"_wpcf7_unit_tag\" value=\"wpcf7-f142-o1\" \/>\n<input type=\"hidden\" name=\"_wpcf7_container_post\" value=\"0\" \/>\n<input type=\"hidden\" name=\"_wpcf7_posted_data_hash\" value=\"\" \/>\n<\/div>\n<p><span class=\"wpcf7-form-control-wrap\" data-name=\"your-name\"><input size=\"40\" maxlength=\"400\" class=\"wpcf7-form-control wpcf7-text wpcf7-validates-as-required\" aria-required=\"true\" aria-invalid=\"false\" placeholder=\"Seu nome\" value=\"\" type=\"text\" name=\"your-name\" \/><\/span>\n<\/p>\n<p><span class=\"wpcf7-form-control-wrap\" data-name=\"email-246\"><input size=\"40\" maxlength=\"400\" class=\"wpcf7-form-control wpcf7-email wpcf7-validates-as-required wpcf7-text wpcf7-validates-as-email\" aria-required=\"true\" aria-invalid=\"false\" placeholder=\"Seu email\" value=\"\" type=\"email\" name=\"email-246\" \/><\/span>\n<\/p>\n<p><span class=\"wpcf7-form-control-wrap mask-990\"><input type=\"tel\" value=\"\" name=\"mask-990\" class=\"wpcf7-form-control wpcf7-mask wpcf7mf-mask\" size=\"40\" aria-required=\"\" aria-invalid=\"\" placeholder=\"Telefone Fixo ou Celular\" data-mask=\"(__) _________\" \/><\/span>\n<\/p>\n<p><span class=\"wpcf7-form-control-wrap\" data-name=\"text-869\"><input size=\"40\" maxlength=\"400\" class=\"wpcf7-form-control wpcf7-text\" aria-invalid=\"false\" placeholder=\"Empresa (Opcional)\" value=\"\" type=\"text\" name=\"text-869\" \/><\/span>\n<\/p>\n<p><span class=\"wpcf7-form-control-wrap\" data-name=\"your-subject\"><input size=\"40\" maxlength=\"400\" class=\"wpcf7-form-control wpcf7-text\" aria-invalid=\"false\" placeholder=\"Assunto\" value=\"\" type=\"text\" name=\"your-subject\" \/><\/span>\n<\/p>\n<p><span class=\"wpcf7-form-control-wrap\" data-name=\"your-message\"><textarea cols=\"40\" rows=\"10\" maxlength=\"2000\" class=\"wpcf7-form-control wpcf7-textarea\" aria-invalid=\"false\" placeholder=\"Sua mensagem\" name=\"your-message\"><\/textarea><\/span>\n<\/p>\n<p><span class=\"wpcf7-form-control-wrap\" data-name=\"acceptance-6\"><span class=\"wpcf7-form-control wpcf7-acceptance\"><span class=\"wpcf7-list-item\"><label><input type=\"checkbox\" name=\"acceptance-6\" value=\"1\" aria-invalid=\"false\" \/><span class=\"wpcf7-list-item-label\">&nbsp; &nbsp; De acordo com as Leis 12.965\/2014 e 13.709\/2018, que regulam o uso da Internet e tratamento de dados pessoais no Brasil, ao me comunicar por esse meio autorizo \"Quallytamp\" enviar notifica\u00e7\u00f5es por e-mail ou outros meios e concordo com sua <a href=\" \/\/www.quallytamp.com.br\/politica-de-privacidade\/\" target=\"_blank\">Pol\u00edtica &nbsp;de Privacidade<\/a>.<\/span><\/label><\/span><\/span><\/span>\n<\/p>\n<p><input class=\"wpcf7-form-control wpcf7-submit has-spinner\" type=\"submit\" value=\"Enviar\" \/>\n<\/p><div class=\"wpcf7-response-output\" aria-hidden=\"true\"><\/div>\n<\/form>\n<\/div>\n<\/div>\n\t\t\t\t\t\t<\/div>\n\t\t\t\t<\/div>\n\t\t\t\t\t<\/div>\n\t\t<\/div>\n\t\t\t\t\t<\/div>\n\t\t<\/section>\n\t\t\t\t\t<\/div>\n\t\t<\/div>\n\t\t\t\t\t<\/div>\n\t\t<\/section>\n\t\t\t\t<\/div>\n\t\t","protected":false},"excerpt":{"rendered":"<p>FALE CONOSCO Este canal de comunica\u00e7\u00e3o \u00e9 para voc\u00ea se aproximar do GRUPO QUALLYTAMP, enviando seus coment\u00e1rios, sugest\u00f5es e d\u00favidas. N\u00f3s teremos o maior prazer em lhe responder, Sua opini\u00e3o \u00e9 muito importante, aqui voc\u00ea pode solicitar informa\u00e7\u00f5es detalhadas sobre nossos produtos e servi\u00e7os. Para isso, basta preencher o formul\u00e1rio abaixo e enviar o seu [&#8230;]\n","protected":false},"author":1,"featured_media":0,"parent":0,"menu_order":0,"comment_status":"closed","ping_status":"closed","template":"","meta":{"_joinchat":[],"footnotes":""},"_links":{"self":[{"href":"https:\/\/quallytamp.com.br\/index.php?rest_route=\/wp\/v2\/pages\/143"}],"collection":[{"href":"https:\/\/quallytamp.com.br\/index.php?rest_route=\/wp\/v2\/pages"}],"about":[{"href":"https:\/\/quallytamp.com.br\/index.php?rest_route=\/wp\/v2\/types\/page"}],"author":[{"embeddable":true,"href":"https:\/\/quallytamp.com.br\/index.php?rest_route=\/wp\/v2\/users\/1"}],"replies":[{"embeddable":true,"href":"https:\/\/quallytamp.com.br\/index.php?rest_route=%2Fwp%2Fv2%2Fcomments&post=143"}],"version-history":[{"count":28,"href":"https:\/\/quallytamp.com.br\/index.php?rest_route=\/wp\/v2\/pages\/143\/revisions"}],"predecessor-version":[{"id":584,"href":"https:\/\/quallytamp.com.br\/index.php?rest_route=\/wp\/v2\/pages\/143\/revisions\/584"}],"wp:attachment":[{"href":"https:\/\/quallytamp.com.br\/index.php?rest_route=%2Fwp%2Fv2%2Fmedia&parent=143"}],"curies":[{"name":"wp","href":"https:\/\/api.w.org\/{rel}","templated":true}]}}