{"id":375,"date":"2021-04-25T14:27:10","date_gmt":"2021-04-25T14:27:10","guid":{"rendered":"https:\/\/quallytamp.com.br\/?page_id=375"},"modified":"2021-04-27T23:54:49","modified_gmt":"2021-04-27T23:54:49","slug":"flip-top-28-410","status":"publish","type":"page","link":"https:\/\/quallytamp.com.br\/?page_id=375","title":{"rendered":"Tampa Flip-top 28 410"},"content":{"rendered":"\t\t<div data-elementor-type=\"wp-page\" data-elementor-id=\"375\" class=\"elementor elementor-375\" data-elementor-post-type=\"page\">\n\t\t\t\t\t\t<section class=\"elementor-section elementor-top-section elementor-element elementor-element-1f08398 elementor-section-stretched elementor-section-full_width elementor-section-height-default elementor-section-height-default\" data-id=\"1f08398\" data-element_type=\"section\" data-settings=\"{&quot;stretch_section&quot;:&quot;section-stretched&quot;}\">\n\t\t\t\t\t\t<div class=\"elementor-container elementor-column-gap-default\">\n\t\t\t\t\t<div class=\"elementor-column elementor-col-100 elementor-top-column elementor-element elementor-element-d104ec3\" data-id=\"d104ec3\" data-element_type=\"column\">\n\t\t\t<div class=\"elementor-widget-wrap elementor-element-populated\">\n\t\t\t\t\t\t<div class=\"elementor-element elementor-element-f0b747e elementor-widget elementor-widget-heading\" data-id=\"f0b747e\" data-element_type=\"widget\" data-widget_type=\"heading.default\">\n\t\t\t\t<div class=\"elementor-widget-container\">\n\t\t\t\t\t<h2 class=\"elementor-heading-title elementor-size-default\">Tampa Flip-top 28 410<\/h2>\t\t\t\t<\/div>\n\t\t\t\t<\/div>\n\t\t\t\t\t<\/div>\n\t\t<\/div>\n\t\t\t\t\t<\/div>\n\t\t<\/section>\n\t\t\t\t<section class=\"elementor-section elementor-top-section elementor-element elementor-element-58da7ad elementor-section-full_width elementor-section-height-default elementor-section-height-default\" data-id=\"58da7ad\" data-element_type=\"section\">\n\t\t\t\t\t\t<div class=\"elementor-container elementor-column-gap-default\">\n\t\t\t\t\t<div class=\"elementor-column elementor-col-100 elementor-top-column elementor-element elementor-element-40016ff\" data-id=\"40016ff\" data-element_type=\"column\">\n\t\t\t<div class=\"elementor-widget-wrap elementor-element-populated\">\n\t\t\t\t\t\t<section class=\"elementor-section elementor-inner-section elementor-element elementor-element-75310ba elementor-section-full_width elementor-section-height-default elementor-section-height-default\" data-id=\"75310ba\" data-element_type=\"section\">\n\t\t\t\t\t\t<div class=\"elementor-container elementor-column-gap-default\">\n\t\t\t\t\t<div class=\"elementor-column elementor-col-50 elementor-inner-column elementor-element elementor-element-34e75cb\" data-id=\"34e75cb\" data-element_type=\"column\">\n\t\t\t<div class=\"elementor-widget-wrap elementor-element-populated\">\n\t\t\t\t\t\t<div class=\"elementor-element elementor-element-659344c elementor-widget elementor-widget-gallery\" data-id=\"659344c\" data-element_type=\"widget\" data-settings=\"{&quot;gallery_layout&quot;:&quot;justified&quot;,&quot;lazyload&quot;:&quot;yes&quot;,&quot;ideal_row_height&quot;:{&quot;unit&quot;:&quot;px&quot;,&quot;size&quot;:200,&quot;sizes&quot;:[]},&quot;ideal_row_height_tablet&quot;:{&quot;unit&quot;:&quot;px&quot;,&quot;size&quot;:150,&quot;sizes&quot;:[]},&quot;ideal_row_height_mobile&quot;:{&quot;unit&quot;:&quot;px&quot;,&quot;size&quot;:150,&quot;sizes&quot;:[]},&quot;gap&quot;:{&quot;unit&quot;:&quot;px&quot;,&quot;size&quot;:10,&quot;sizes&quot;:[]},&quot;gap_tablet&quot;:{&quot;unit&quot;:&quot;px&quot;,&quot;size&quot;:10,&quot;sizes&quot;:[]},&quot;gap_mobile&quot;:{&quot;unit&quot;:&quot;px&quot;,&quot;size&quot;:10,&quot;sizes&quot;:[]},&quot;link_to&quot;:&quot;file&quot;,&quot;content_hover_animation&quot;:&quot;fade-in&quot;}\" data-widget_type=\"gallery.default\">\n\t\t\t\t<div class=\"elementor-widget-container\">\n\t\t\t\t\t\t\t\t<div class=\"elementor-gallery__titles-container e--pointer-background e--animation-fade\" aria-label=\"Gallery filter\">\n\t\t\t\t\n\t\t\t\t\t\t\t\t\t<a class=\"elementor-item elementor-gallery-title\" role=\"button\" tabindex=\"0\" data-gallery-index=\"0\">\n\t\t\t\t\t\tAzul\t\t\t\t\t<\/a>\n\t\t\t\t\t\t\t\t\t\t<a class=\"elementor-item elementor-gallery-title\" role=\"button\" tabindex=\"0\" data-gallery-index=\"1\">\n\t\t\t\t\t\tBranca\t\t\t\t\t<\/a>\n\t\t\t\t\t\t\t\t\t\t<a class=\"elementor-item elementor-gallery-title\" role=\"button\" tabindex=\"0\" data-gallery-index=\"2\">\n\t\t\t\t\t\tPreta\t\t\t\t\t<\/a>\n\t\t\t\t\t\t\t\t\t\t<a class=\"elementor-item elementor-gallery-title\" role=\"button\" tabindex=\"0\" data-gallery-index=\"3\">\n\t\t\t\t\t\tVermelha\t\t\t\t\t<\/a>\n\t\t\t\t\t\t\t\t<\/div>\n\t\t\t\t\t<div class=\"elementor-gallery__container\">\n\t\t\t\t\t\t\t<a class=\"e-gallery-item elementor-gallery-item elementor-animated-content\" data-e-gallery-tags=\"0\" href=\"https:\/\/quallytamp.com.br\/wp-content\/uploads\/2021\/04\/Flip-Top-Azul-Bic-Aberta.jpg\" data-elementor-open-lightbox=\"yes\" data-elementor-lightbox-slideshow=\"659344c\" data-elementor-lightbox-title=\"Flip-Top Azul Bic Aberta\" data-e-action-hash=\"#elementor-action%3Aaction%3Dlightbox%26settings%3DeyJpZCI6NDc3LCJ1cmwiOiJodHRwczpcL1wvcXVhbGx5dGFtcC5jb20uYnJcL3dwLWNvbnRlbnRcL3VwbG9hZHNcLzIwMjFcLzA0XC9GbGlwLVRvcC1BenVsLUJpYy1BYmVydGEuanBnIiwic2xpZGVzaG93IjoiNjU5MzQ0YyJ9\" rel=\"lightbox[375]\">\n\t\t\t\t\t<div class=\"e-gallery-image elementor-gallery-item__image\" data-thumbnail=\"https:\/\/quallytamp.com.br\/wp-content\/uploads\/2021\/04\/Flip-Top-Azul-Bic-Aberta.jpg\" data-width=\"900\" data-height=\"600\" aria-label=\"\" role=\"img\" ><\/div>\n\t\t\t\t\t\t\t\t\t\t\t\t\t\t<\/a>\n\t\t\t\t\t\t\t<a class=\"e-gallery-item elementor-gallery-item elementor-animated-content\" data-e-gallery-tags=\"0\" href=\"https:\/\/quallytamp.com.br\/wp-content\/uploads\/2021\/04\/Flip-Top-Azul-Bic-Fechada.jpg\" data-elementor-open-lightbox=\"yes\" data-elementor-lightbox-slideshow=\"659344c\" data-elementor-lightbox-title=\"Flip-Top Azul Bic Fechada\" data-e-action-hash=\"#elementor-action%3Aaction%3Dlightbox%26settings%3DeyJpZCI6NDc4LCJ1cmwiOiJodHRwczpcL1wvcXVhbGx5dGFtcC5jb20uYnJcL3dwLWNvbnRlbnRcL3VwbG9hZHNcLzIwMjFcLzA0XC9GbGlwLVRvcC1BenVsLUJpYy1GZWNoYWRhLmpwZyIsInNsaWRlc2hvdyI6IjY1OTM0NGMifQ%3D%3D\" rel=\"lightbox[375]\">\n\t\t\t\t\t<div class=\"e-gallery-image elementor-gallery-item__image\" data-thumbnail=\"https:\/\/quallytamp.com.br\/wp-content\/uploads\/2021\/04\/Flip-Top-Azul-Bic-Fechada.jpg\" data-width=\"900\" data-height=\"600\" aria-label=\"\" role=\"img\" ><\/div>\n\t\t\t\t\t\t\t\t\t\t\t\t\t\t<\/a>\n\t\t\t\t\t\t\t<a class=\"e-gallery-item elementor-gallery-item elementor-animated-content\" data-e-gallery-tags=\"0\" href=\"https:\/\/quallytamp.com.br\/wp-content\/uploads\/2021\/04\/Flip-Top-Azul-Bic-Verso.jpg\" data-elementor-open-lightbox=\"yes\" data-elementor-lightbox-slideshow=\"659344c\" data-elementor-lightbox-title=\"Flip-Top Azul Bic Verso\" data-e-action-hash=\"#elementor-action%3Aaction%3Dlightbox%26settings%3DeyJpZCI6NDgwLCJ1cmwiOiJodHRwczpcL1wvcXVhbGx5dGFtcC5jb20uYnJcL3dwLWNvbnRlbnRcL3VwbG9hZHNcLzIwMjFcLzA0XC9GbGlwLVRvcC1BenVsLUJpYy1WZXJzby5qcGciLCJzbGlkZXNob3ciOiI2NTkzNDRjIn0%3D\" rel=\"lightbox[375]\">\n\t\t\t\t\t<div class=\"e-gallery-image elementor-gallery-item__image\" data-thumbnail=\"https:\/\/quallytamp.com.br\/wp-content\/uploads\/2021\/04\/Flip-Top-Azul-Bic-Verso.jpg\" data-width=\"900\" data-height=\"600\" aria-label=\"\" role=\"img\" ><\/div>\n\t\t\t\t\t\t\t\t\t\t\t\t\t\t<\/a>\n\t\t\t\t\t\t\t<a class=\"e-gallery-item elementor-gallery-item elementor-animated-content\" data-e-gallery-tags=\"0\" href=\"https:\/\/quallytamp.com.br\/wp-content\/uploads\/2021\/04\/Flip-Top-Azul-Bic-Lado.jpg\" data-elementor-open-lightbox=\"yes\" data-elementor-lightbox-slideshow=\"659344c\" data-elementor-lightbox-title=\"Flip-Top Azul Bic Lado\" data-e-action-hash=\"#elementor-action%3Aaction%3Dlightbox%26settings%3DeyJpZCI6NDc5LCJ1cmwiOiJodHRwczpcL1wvcXVhbGx5dGFtcC5jb20uYnJcL3dwLWNvbnRlbnRcL3VwbG9hZHNcLzIwMjFcLzA0XC9GbGlwLVRvcC1BenVsLUJpYy1MYWRvLmpwZyIsInNsaWRlc2hvdyI6IjY1OTM0NGMifQ%3D%3D\" rel=\"lightbox[375]\">\n\t\t\t\t\t<div class=\"e-gallery-image elementor-gallery-item__image\" data-thumbnail=\"https:\/\/quallytamp.com.br\/wp-content\/uploads\/2021\/04\/Flip-Top-Azul-Bic-Lado.jpg\" data-width=\"900\" data-height=\"600\" aria-label=\"\" role=\"img\" ><\/div>\n\t\t\t\t\t\t\t\t\t\t\t\t\t\t<\/a>\n\t\t\t\t\t\t\t<a class=\"e-gallery-item elementor-gallery-item elementor-animated-content\" data-e-gallery-tags=\"1\" href=\"https:\/\/quallytamp.com.br\/wp-content\/uploads\/2021\/04\/Tampa-Branca-Aberta.png\" data-elementor-open-lightbox=\"yes\" data-elementor-lightbox-slideshow=\"659344c\" data-elementor-lightbox-title=\"Tampa Branca Aberta\" data-e-action-hash=\"#elementor-action%3Aaction%3Dlightbox%26settings%3DeyJpZCI6Mzc4LCJ1cmwiOiJodHRwczpcL1wvcXVhbGx5dGFtcC5jb20uYnJcL3dwLWNvbnRlbnRcL3VwbG9hZHNcLzIwMjFcLzA0XC9UYW1wYS1CcmFuY2EtQWJlcnRhLnBuZyIsInNsaWRlc2hvdyI6IjY1OTM0NGMifQ%3D%3D\" rel=\"lightbox[375]\">\n\t\t\t\t\t<div class=\"e-gallery-image elementor-gallery-item__image\" data-thumbnail=\"https:\/\/quallytamp.com.br\/wp-content\/uploads\/2021\/04\/Tampa-Branca-Aberta.png\" data-width=\"900\" data-height=\"600\" aria-label=\"\" role=\"img\" ><\/div>\n\t\t\t\t\t\t\t\t\t\t\t\t\t\t<\/a>\n\t\t\t\t\t\t\t<a class=\"e-gallery-item elementor-gallery-item elementor-animated-content\" data-e-gallery-tags=\"1\" href=\"https:\/\/quallytamp.com.br\/wp-content\/uploads\/2021\/04\/Tampa-Branca-Fechada.png\" data-elementor-open-lightbox=\"yes\" data-elementor-lightbox-slideshow=\"659344c\" data-elementor-lightbox-title=\"Tampa Branca Fechada\" data-e-action-hash=\"#elementor-action%3Aaction%3Dlightbox%26settings%3DeyJpZCI6Mzc5LCJ1cmwiOiJodHRwczpcL1wvcXVhbGx5dGFtcC5jb20uYnJcL3dwLWNvbnRlbnRcL3VwbG9hZHNcLzIwMjFcLzA0XC9UYW1wYS1CcmFuY2EtRmVjaGFkYS5wbmciLCJzbGlkZXNob3ciOiI2NTkzNDRjIn0%3D\" rel=\"lightbox[375]\">\n\t\t\t\t\t<div class=\"e-gallery-image elementor-gallery-item__image\" data-thumbnail=\"https:\/\/quallytamp.com.br\/wp-content\/uploads\/2021\/04\/Tampa-Branca-Fechada.png\" data-width=\"900\" data-height=\"600\" aria-label=\"\" role=\"img\" ><\/div>\n\t\t\t\t\t\t\t\t\t\t\t\t\t\t<\/a>\n\t\t\t\t\t\t\t<a class=\"e-gallery-item elementor-gallery-item elementor-animated-content\" data-e-gallery-tags=\"1\" href=\"https:\/\/quallytamp.com.br\/wp-content\/uploads\/2021\/04\/Tampa-Branca-Verso.png\" data-elementor-open-lightbox=\"yes\" data-elementor-lightbox-slideshow=\"659344c\" data-elementor-lightbox-title=\"Tampa Branca Verso\" data-e-action-hash=\"#elementor-action%3Aaction%3Dlightbox%26settings%3DeyJpZCI6MzgxLCJ1cmwiOiJodHRwczpcL1wvcXVhbGx5dGFtcC5jb20uYnJcL3dwLWNvbnRlbnRcL3VwbG9hZHNcLzIwMjFcLzA0XC9UYW1wYS1CcmFuY2EtVmVyc28ucG5nIiwic2xpZGVzaG93IjoiNjU5MzQ0YyJ9\" rel=\"lightbox[375]\">\n\t\t\t\t\t<div class=\"e-gallery-image elementor-gallery-item__image\" data-thumbnail=\"https:\/\/quallytamp.com.br\/wp-content\/uploads\/2021\/04\/Tampa-Branca-Verso.png\" data-width=\"900\" data-height=\"600\" aria-label=\"\" role=\"img\" ><\/div>\n\t\t\t\t\t\t\t\t\t\t\t\t\t\t<\/a>\n\t\t\t\t\t\t\t<a class=\"e-gallery-item elementor-gallery-item elementor-animated-content\" data-e-gallery-tags=\"1\" href=\"https:\/\/quallytamp.com.br\/wp-content\/uploads\/2021\/04\/Tampa-Branca-Lado.png\" data-elementor-open-lightbox=\"yes\" data-elementor-lightbox-slideshow=\"659344c\" data-elementor-lightbox-title=\"Tampa Branca Lado\" data-e-action-hash=\"#elementor-action%3Aaction%3Dlightbox%26settings%3DeyJpZCI6MzgwLCJ1cmwiOiJodHRwczpcL1wvcXVhbGx5dGFtcC5jb20uYnJcL3dwLWNvbnRlbnRcL3VwbG9hZHNcLzIwMjFcLzA0XC9UYW1wYS1CcmFuY2EtTGFkby5wbmciLCJzbGlkZXNob3ciOiI2NTkzNDRjIn0%3D\" rel=\"lightbox[375]\">\n\t\t\t\t\t<div class=\"e-gallery-image elementor-gallery-item__image\" data-thumbnail=\"https:\/\/quallytamp.com.br\/wp-content\/uploads\/2021\/04\/Tampa-Branca-Lado.png\" data-width=\"900\" data-height=\"600\" aria-label=\"\" role=\"img\" ><\/div>\n\t\t\t\t\t\t\t\t\t\t\t\t\t\t<\/a>\n\t\t\t\t\t\t\t<a class=\"e-gallery-item elementor-gallery-item elementor-animated-content\" data-e-gallery-tags=\"2\" href=\"https:\/\/quallytamp.com.br\/wp-content\/uploads\/2021\/04\/Flip-Top-Preta-Aberta.jpg\" data-elementor-open-lightbox=\"yes\" data-elementor-lightbox-slideshow=\"659344c\" data-elementor-lightbox-title=\"Flip-Top Preta Aberta\" data-e-action-hash=\"#elementor-action%3Aaction%3Dlightbox%26settings%3DeyJpZCI6NDg4LCJ1cmwiOiJodHRwczpcL1wvcXVhbGx5dGFtcC5jb20uYnJcL3dwLWNvbnRlbnRcL3VwbG9hZHNcLzIwMjFcLzA0XC9GbGlwLVRvcC1QcmV0YS1BYmVydGEuanBnIiwic2xpZGVzaG93IjoiNjU5MzQ0YyJ9\" rel=\"lightbox[375]\">\n\t\t\t\t\t<div class=\"e-gallery-image elementor-gallery-item__image\" data-thumbnail=\"https:\/\/quallytamp.com.br\/wp-content\/uploads\/2021\/04\/Flip-Top-Preta-Aberta.jpg\" data-width=\"900\" data-height=\"600\" aria-label=\"\" role=\"img\" ><\/div>\n\t\t\t\t\t\t\t\t\t\t\t\t\t\t<\/a>\n\t\t\t\t\t\t\t<a class=\"e-gallery-item elementor-gallery-item elementor-animated-content\" data-e-gallery-tags=\"2\" href=\"https:\/\/quallytamp.com.br\/wp-content\/uploads\/2021\/04\/Flip-Top-Preta-Fechada.jpg\" data-elementor-open-lightbox=\"yes\" data-elementor-lightbox-slideshow=\"659344c\" data-elementor-lightbox-title=\"Flip-Top Preta Fechada\" data-e-action-hash=\"#elementor-action%3Aaction%3Dlightbox%26settings%3DeyJpZCI6NDg5LCJ1cmwiOiJodHRwczpcL1wvcXVhbGx5dGFtcC5jb20uYnJcL3dwLWNvbnRlbnRcL3VwbG9hZHNcLzIwMjFcLzA0XC9GbGlwLVRvcC1QcmV0YS1GZWNoYWRhLmpwZyIsInNsaWRlc2hvdyI6IjY1OTM0NGMifQ%3D%3D\" rel=\"lightbox[375]\">\n\t\t\t\t\t<div class=\"e-gallery-image elementor-gallery-item__image\" data-thumbnail=\"https:\/\/quallytamp.com.br\/wp-content\/uploads\/2021\/04\/Flip-Top-Preta-Fechada.jpg\" data-width=\"900\" data-height=\"600\" aria-label=\"\" role=\"img\" ><\/div>\n\t\t\t\t\t\t\t\t\t\t\t\t\t\t<\/a>\n\t\t\t\t\t\t\t<a class=\"e-gallery-item elementor-gallery-item elementor-animated-content\" data-e-gallery-tags=\"2\" href=\"https:\/\/quallytamp.com.br\/wp-content\/uploads\/2021\/04\/Flip-Top-Preta-Verso.jpg\" data-elementor-open-lightbox=\"yes\" data-elementor-lightbox-slideshow=\"659344c\" data-elementor-lightbox-title=\"Flip-Top Preta Verso\" data-e-action-hash=\"#elementor-action%3Aaction%3Dlightbox%26settings%3DeyJpZCI6NDkxLCJ1cmwiOiJodHRwczpcL1wvcXVhbGx5dGFtcC5jb20uYnJcL3dwLWNvbnRlbnRcL3VwbG9hZHNcLzIwMjFcLzA0XC9GbGlwLVRvcC1QcmV0YS1WZXJzby5qcGciLCJzbGlkZXNob3ciOiI2NTkzNDRjIn0%3D\" rel=\"lightbox[375]\">\n\t\t\t\t\t<div class=\"e-gallery-image elementor-gallery-item__image\" data-thumbnail=\"https:\/\/quallytamp.com.br\/wp-content\/uploads\/2021\/04\/Flip-Top-Preta-Verso.jpg\" data-width=\"900\" data-height=\"600\" aria-label=\"\" role=\"img\" ><\/div>\n\t\t\t\t\t\t\t\t\t\t\t\t\t\t<\/a>\n\t\t\t\t\t\t\t<a class=\"e-gallery-item elementor-gallery-item elementor-animated-content\" data-e-gallery-tags=\"2\" href=\"https:\/\/quallytamp.com.br\/wp-content\/uploads\/2021\/04\/Flip-Top-Preta-Lado.jpg\" data-elementor-open-lightbox=\"yes\" data-elementor-lightbox-slideshow=\"659344c\" data-elementor-lightbox-title=\"Flip-Top Preta Lado\" data-e-action-hash=\"#elementor-action%3Aaction%3Dlightbox%26settings%3DeyJpZCI6NDkwLCJ1cmwiOiJodHRwczpcL1wvcXVhbGx5dGFtcC5jb20uYnJcL3dwLWNvbnRlbnRcL3VwbG9hZHNcLzIwMjFcLzA0XC9GbGlwLVRvcC1QcmV0YS1MYWRvLmpwZyIsInNsaWRlc2hvdyI6IjY1OTM0NGMifQ%3D%3D\" rel=\"lightbox[375]\">\n\t\t\t\t\t<div class=\"e-gallery-image elementor-gallery-item__image\" data-thumbnail=\"https:\/\/quallytamp.com.br\/wp-content\/uploads\/2021\/04\/Flip-Top-Preta-Lado.jpg\" data-width=\"900\" data-height=\"600\" aria-label=\"\" role=\"img\" ><\/div>\n\t\t\t\t\t\t\t\t\t\t\t\t\t\t<\/a>\n\t\t\t\t\t\t\t<a class=\"e-gallery-item elementor-gallery-item elementor-animated-content\" data-e-gallery-tags=\"3\" href=\"https:\/\/quallytamp.com.br\/wp-content\/uploads\/2021\/04\/Flip-Top-Vermelha-Aberta.jpg\" data-elementor-open-lightbox=\"yes\" data-elementor-lightbox-slideshow=\"659344c\" data-elementor-lightbox-title=\"Flip-Top Vermelha Aberta\" data-e-action-hash=\"#elementor-action%3Aaction%3Dlightbox%26settings%3DeyJpZCI6NDgxLCJ1cmwiOiJodHRwczpcL1wvcXVhbGx5dGFtcC5jb20uYnJcL3dwLWNvbnRlbnRcL3VwbG9hZHNcLzIwMjFcLzA0XC9GbGlwLVRvcC1WZXJtZWxoYS1BYmVydGEuanBnIiwic2xpZGVzaG93IjoiNjU5MzQ0YyJ9\" rel=\"lightbox[375]\">\n\t\t\t\t\t<div class=\"e-gallery-image elementor-gallery-item__image\" data-thumbnail=\"https:\/\/quallytamp.com.br\/wp-content\/uploads\/2021\/04\/Flip-Top-Vermelha-Aberta.jpg\" data-width=\"900\" data-height=\"600\" aria-label=\"\" role=\"img\" ><\/div>\n\t\t\t\t\t\t\t\t\t\t\t\t\t\t<\/a>\n\t\t\t\t\t\t\t<a class=\"e-gallery-item elementor-gallery-item elementor-animated-content\" data-e-gallery-tags=\"3\" href=\"https:\/\/quallytamp.com.br\/wp-content\/uploads\/2021\/04\/Flip-Top-Vermelha-Fechada.jpg\" data-elementor-open-lightbox=\"yes\" data-elementor-lightbox-slideshow=\"659344c\" data-elementor-lightbox-title=\"Flip-Top Vermelha Fechada\" data-e-action-hash=\"#elementor-action%3Aaction%3Dlightbox%26settings%3DeyJpZCI6NDgyLCJ1cmwiOiJodHRwczpcL1wvcXVhbGx5dGFtcC5jb20uYnJcL3dwLWNvbnRlbnRcL3VwbG9hZHNcLzIwMjFcLzA0XC9GbGlwLVRvcC1WZXJtZWxoYS1GZWNoYWRhLmpwZyIsInNsaWRlc2hvdyI6IjY1OTM0NGMifQ%3D%3D\" rel=\"lightbox[375]\">\n\t\t\t\t\t<div class=\"e-gallery-image elementor-gallery-item__image\" data-thumbnail=\"https:\/\/quallytamp.com.br\/wp-content\/uploads\/2021\/04\/Flip-Top-Vermelha-Fechada.jpg\" data-width=\"900\" data-height=\"600\" aria-label=\"\" role=\"img\" ><\/div>\n\t\t\t\t\t\t\t\t\t\t\t\t\t\t<\/a>\n\t\t\t\t\t\t\t<a class=\"e-gallery-item elementor-gallery-item elementor-animated-content\" data-e-gallery-tags=\"3\" href=\"https:\/\/quallytamp.com.br\/wp-content\/uploads\/2021\/04\/Flip-Top-Vermelha-Verso.jpg\" data-elementor-open-lightbox=\"yes\" data-elementor-lightbox-slideshow=\"659344c\" data-elementor-lightbox-title=\"Flip-Top Vermelha Verso\" data-e-action-hash=\"#elementor-action%3Aaction%3Dlightbox%26settings%3DeyJpZCI6NDg0LCJ1cmwiOiJodHRwczpcL1wvcXVhbGx5dGFtcC5jb20uYnJcL3dwLWNvbnRlbnRcL3VwbG9hZHNcLzIwMjFcLzA0XC9GbGlwLVRvcC1WZXJtZWxoYS1WZXJzby5qcGciLCJzbGlkZXNob3ciOiI2NTkzNDRjIn0%3D\" rel=\"lightbox[375]\">\n\t\t\t\t\t<div class=\"e-gallery-image elementor-gallery-item__image\" data-thumbnail=\"https:\/\/quallytamp.com.br\/wp-content\/uploads\/2021\/04\/Flip-Top-Vermelha-Verso.jpg\" data-width=\"900\" data-height=\"600\" aria-label=\"\" role=\"img\" ><\/div>\n\t\t\t\t\t\t\t\t\t\t\t\t\t\t<\/a>\n\t\t\t\t\t\t\t<a class=\"e-gallery-item elementor-gallery-item elementor-animated-content\" data-e-gallery-tags=\"3\" href=\"https:\/\/quallytamp.com.br\/wp-content\/uploads\/2021\/04\/Flip-Top-Vermelha-Lado.jpg\" data-elementor-open-lightbox=\"yes\" data-elementor-lightbox-slideshow=\"659344c\" data-elementor-lightbox-title=\"Flip-Top Vermelha Lado\" data-e-action-hash=\"#elementor-action%3Aaction%3Dlightbox%26settings%3DeyJpZCI6NDgzLCJ1cmwiOiJodHRwczpcL1wvcXVhbGx5dGFtcC5jb20uYnJcL3dwLWNvbnRlbnRcL3VwbG9hZHNcLzIwMjFcLzA0XC9GbGlwLVRvcC1WZXJtZWxoYS1MYWRvLmpwZyIsInNsaWRlc2hvdyI6IjY1OTM0NGMifQ%3D%3D\" rel=\"lightbox[375]\">\n\t\t\t\t\t<div class=\"e-gallery-image elementor-gallery-item__image\" data-thumbnail=\"https:\/\/quallytamp.com.br\/wp-content\/uploads\/2021\/04\/Flip-Top-Vermelha-Lado.jpg\" data-width=\"900\" data-height=\"600\" aria-label=\"\" role=\"img\" ><\/div>\n\t\t\t\t\t\t\t\t\t\t\t\t\t\t<\/a>\n\t\t\t\t\t<\/div>\n\t\t\t\t\t<\/div>\n\t\t\t\t<\/div>\n\t\t\t\t\t<\/div>\n\t\t<\/div>\n\t\t\t\t<div class=\"elementor-column elementor-col-50 elementor-inner-column elementor-element elementor-element-9691476\" data-id=\"9691476\" data-element_type=\"column\">\n\t\t\t<div class=\"elementor-widget-wrap elementor-element-populated\">\n\t\t\t\t\t\t<div class=\"elementor-element elementor-element-6d7a0c4 elementor-widget elementor-widget-text-editor\" data-id=\"6d7a0c4\" data-element_type=\"widget\" data-widget_type=\"text-editor.default\">\n\t\t\t\t<div class=\"elementor-widget-container\">\n\t\t\t\t\t\t\t\t\t<h2 style=\"text-align: justify;\"><strong>TAMPA FLIP-TOP 28 410<br \/><\/strong><\/h2><div style=\"text-align: justify;\"><strong>\u00a0<\/strong><\/div><div style=\"text-align: justify;\"><strong>DESCRI\u00c7\u00c3O:<\/strong><\/div><div style=\"text-align: justify;\"><strong><br \/><\/strong>Uso em Frascos de Limpezas, Cosm\u00e9ticos, Farmac\u00eauticos e Aliment\u00edcios.<\/div><div style=\"text-align: justify;\">\u00a0<\/div><p style=\"text-align: justify;\">As tampas Flip Top Press\u00e3o PCO 28 mm de perfil alto fornecido com batoque de veda\u00e7\u00e3o .<\/p><p style=\"text-align: justify;\">*Nossos produtos podem ser desenvolvidos em diversas cores e tamb\u00e9m em cores espec\u00edficas conforme a necessidade do cliente.<\/p>\t\t\t\t\t\t\t\t<\/div>\n\t\t\t\t<\/div>\n\t\t\t\t<div class=\"elementor-element elementor-element-4c6a282 elementor-widget elementor-widget-text-editor\" data-id=\"4c6a282\" data-element_type=\"widget\" data-widget_type=\"text-editor.default\">\n\t\t\t\t<div class=\"elementor-widget-container\">\n\t\t\t\t\t\t\t\t\t<p><sup><b>*Cores personalizadas com pedido m\u00ednimo.<\/b><\/sup><\/p>\t\t\t\t\t\t\t\t<\/div>\n\t\t\t\t<\/div>\n\t\t\t\t\t<\/div>\n\t\t<\/div>\n\t\t\t\t\t<\/div>\n\t\t<\/section>\n\t\t\t\t\t<\/div>\n\t\t<\/div>\n\t\t\t\t\t<\/div>\n\t\t<\/section>\n\t\t\t\t<\/div>\n\t\t","protected":false},"excerpt":{"rendered":"<p>Tampa Flip-top 28 410 Azul Branca Preta Vermelha TAMPA FLIP-TOP 28 410 \u00a0DESCRI\u00c7\u00c3O:Uso em Frascos de Limpezas, Cosm\u00e9ticos, Farmac\u00eauticos e Aliment\u00edcios.\u00a0 As tampas Flip Top Press\u00e3o PCO 28 mm de perfil alto fornecido com batoque de veda\u00e7\u00e3o . *Nossos produtos podem ser desenvolvidos em diversas cores e tamb\u00e9m em cores espec\u00edficas conforme a necessidade do [&#8230;]\n","protected":false},"author":1,"featured_media":0,"parent":0,"menu_order":0,"comment_status":"closed","ping_status":"closed","template":"","meta":{"_joinchat":[],"footnotes":""},"_links":{"self":[{"href":"https:\/\/quallytamp.com.br\/index.php?rest_route=\/wp\/v2\/pages\/375"}],"collection":[{"href":"https:\/\/quallytamp.com.br\/index.php?rest_route=\/wp\/v2\/pages"}],"about":[{"href":"https:\/\/quallytamp.com.br\/index.php?rest_route=\/wp\/v2\/types\/page"}],"author":[{"embeddable":true,"href":"https:\/\/quallytamp.com.br\/index.php?rest_route=\/wp\/v2\/users\/1"}],"replies":[{"embeddable":true,"href":"https:\/\/quallytamp.com.br\/index.php?rest_route=%2Fwp%2Fv2%2Fcomments&post=375"}],"version-history":[{"count":30,"href":"https:\/\/quallytamp.com.br\/index.php?rest_route=\/wp\/v2\/pages\/375\/revisions"}],"predecessor-version":[{"id":494,"href":"https:\/\/quallytamp.com.br\/index.php?rest_route=\/wp\/v2\/pages\/375\/revisions\/494"}],"wp:attachment":[{"href":"https:\/\/quallytamp.com.br\/index.php?rest_route=%2Fwp%2Fv2%2Fmedia&parent=375"}],"curies":[{"name":"wp","href":"https:\/\/api.w.org\/{rel}","templated":true}]}}