{"id":426,"date":"2021-04-27T14:41:48","date_gmt":"2021-04-27T14:41:48","guid":{"rendered":"https:\/\/quallytamp.com.br\/?page_id=426"},"modified":"2021-04-27T14:59:28","modified_gmt":"2021-04-27T14:59:28","slug":"tampa-pco-1881-28mm-baixa-modelo-a","status":"publish","type":"page","link":"https:\/\/quallytamp.com.br\/?page_id=426","title":{"rendered":"Tampa PCO 1881 28mm baixa (Modelo A)"},"content":{"rendered":"\t\t<div data-elementor-type=\"wp-page\" data-elementor-id=\"426\" class=\"elementor elementor-426\" data-elementor-post-type=\"page\">\n\t\t\t\t\t\t<section class=\"elementor-section elementor-top-section elementor-element elementor-element-1f08398 elementor-section-stretched elementor-section-full_width elementor-section-height-default elementor-section-height-default\" data-id=\"1f08398\" data-element_type=\"section\" data-settings=\"{&quot;stretch_section&quot;:&quot;section-stretched&quot;}\">\n\t\t\t\t\t\t<div class=\"elementor-container elementor-column-gap-default\">\n\t\t\t\t\t<div class=\"elementor-column elementor-col-100 elementor-top-column elementor-element elementor-element-d104ec3\" data-id=\"d104ec3\" data-element_type=\"column\">\n\t\t\t<div class=\"elementor-widget-wrap elementor-element-populated\">\n\t\t\t\t\t\t<div class=\"elementor-element elementor-element-f0b747e elementor-widget elementor-widget-heading\" data-id=\"f0b747e\" data-element_type=\"widget\" data-widget_type=\"heading.default\">\n\t\t\t\t<div class=\"elementor-widget-container\">\n\t\t\t\t\t<h2 class=\"elementor-heading-title elementor-size-default\">TAMPA PCO 1881 28mm baixa (Modelo A)<\/h2>\t\t\t\t<\/div>\n\t\t\t\t<\/div>\n\t\t\t\t\t<\/div>\n\t\t<\/div>\n\t\t\t\t\t<\/div>\n\t\t<\/section>\n\t\t\t\t<section class=\"elementor-section elementor-top-section elementor-element elementor-element-58da7ad elementor-section-full_width elementor-section-height-default elementor-section-height-default\" data-id=\"58da7ad\" data-element_type=\"section\">\n\t\t\t\t\t\t<div class=\"elementor-container elementor-column-gap-default\">\n\t\t\t\t\t<div class=\"elementor-column elementor-col-100 elementor-top-column elementor-element elementor-element-40016ff\" data-id=\"40016ff\" data-element_type=\"column\">\n\t\t\t<div class=\"elementor-widget-wrap elementor-element-populated\">\n\t\t\t\t\t\t<section class=\"elementor-section elementor-inner-section elementor-element elementor-element-75310ba elementor-section-full_width elementor-section-height-default elementor-section-height-default\" data-id=\"75310ba\" data-element_type=\"section\">\n\t\t\t\t\t\t<div class=\"elementor-container elementor-column-gap-default\">\n\t\t\t\t\t<div class=\"elementor-column elementor-col-50 elementor-inner-column elementor-element elementor-element-34e75cb\" data-id=\"34e75cb\" data-element_type=\"column\">\n\t\t\t<div class=\"elementor-widget-wrap elementor-element-populated\">\n\t\t\t\t\t\t<div class=\"elementor-element elementor-element-659344c elementor-widget elementor-widget-gallery\" data-id=\"659344c\" data-element_type=\"widget\" data-settings=\"{&quot;gallery_layout&quot;:&quot;justified&quot;,&quot;lazyload&quot;:&quot;yes&quot;,&quot;ideal_row_height&quot;:{&quot;unit&quot;:&quot;px&quot;,&quot;size&quot;:200,&quot;sizes&quot;:[]},&quot;ideal_row_height_tablet&quot;:{&quot;unit&quot;:&quot;px&quot;,&quot;size&quot;:150,&quot;sizes&quot;:[]},&quot;ideal_row_height_mobile&quot;:{&quot;unit&quot;:&quot;px&quot;,&quot;size&quot;:150,&quot;sizes&quot;:[]},&quot;gap&quot;:{&quot;unit&quot;:&quot;px&quot;,&quot;size&quot;:10,&quot;sizes&quot;:[]},&quot;gap_tablet&quot;:{&quot;unit&quot;:&quot;px&quot;,&quot;size&quot;:10,&quot;sizes&quot;:[]},&quot;gap_mobile&quot;:{&quot;unit&quot;:&quot;px&quot;,&quot;size&quot;:10,&quot;sizes&quot;:[]},&quot;link_to&quot;:&quot;file&quot;,&quot;content_hover_animation&quot;:&quot;fade-in&quot;}\" data-widget_type=\"gallery.default\">\n\t\t\t\t<div class=\"elementor-widget-container\">\n\t\t\t\t\t\t\t\t<div class=\"elementor-gallery__titles-container e--pointer-none\" aria-label=\"Gallery filter\">\n\t\t\t\t\n\t\t\t\t\t\t\t\t\t<a class=\"elementor-item elementor-gallery-title\" role=\"button\" tabindex=\"0\" data-gallery-index=\"0\">\n\t\t\t\t\t\tAzuis\t\t\t\t\t<\/a>\n\t\t\t\t\t\t\t\t\t\t<a class=\"elementor-item elementor-gallery-title\" role=\"button\" tabindex=\"0\" data-gallery-index=\"1\">\n\t\t\t\t\t\tLaranja\t\t\t\t\t<\/a>\n\t\t\t\t\t\t\t\t\t\t<a class=\"elementor-item elementor-gallery-title\" role=\"button\" tabindex=\"0\" data-gallery-index=\"2\">\n\t\t\t\t\t\tPreta\t\t\t\t\t<\/a>\n\t\t\t\t\t\t\t\t\t\t<a class=\"elementor-item elementor-gallery-title\" role=\"button\" tabindex=\"0\" data-gallery-index=\"3\">\n\t\t\t\t\t\tRoxa\t\t\t\t\t<\/a>\n\t\t\t\t\t\t\t\t<\/div>\n\t\t\t\t\t<div class=\"elementor-gallery__container\">\n\t\t\t\t\t\t\t<a class=\"e-gallery-item elementor-gallery-item elementor-animated-content\" data-e-gallery-tags=\"0\" href=\"https:\/\/quallytamp.com.br\/wp-content\/uploads\/2021\/04\/1881-Azul-Bic-Frente-Modelo-A.jpg\" data-elementor-open-lightbox=\"yes\" data-elementor-lightbox-slideshow=\"659344c\" data-elementor-lightbox-title=\"1881 Azul Bic Frente Modelo A\" data-e-action-hash=\"#elementor-action%3Aaction%3Dlightbox%26settings%3DeyJpZCI6NDM0LCJ1cmwiOiJodHRwczpcL1wvcXVhbGx5dGFtcC5jb20uYnJcL3dwLWNvbnRlbnRcL3VwbG9hZHNcLzIwMjFcLzA0XC8xODgxLUF6dWwtQmljLUZyZW50ZS1Nb2RlbG8tQS5qcGciLCJzbGlkZXNob3ciOiI2NTkzNDRjIn0%3D\" rel=\"lightbox[426]\">\n\t\t\t\t\t<div class=\"e-gallery-image elementor-gallery-item__image\" data-thumbnail=\"https:\/\/quallytamp.com.br\/wp-content\/uploads\/2021\/04\/1881-Azul-Bic-Frente-Modelo-A.jpg\" data-width=\"900\" data-height=\"600\" aria-label=\"\" role=\"img\" ><\/div>\n\t\t\t\t\t\t\t\t\t\t\t\t\t\t<\/a>\n\t\t\t\t\t\t\t<a class=\"e-gallery-item elementor-gallery-item elementor-animated-content\" data-e-gallery-tags=\"0\" href=\"https:\/\/quallytamp.com.br\/wp-content\/uploads\/2021\/04\/1881-Azul-Bic-Verso-Modelo-A.jpg\" data-elementor-open-lightbox=\"yes\" data-elementor-lightbox-slideshow=\"659344c\" data-elementor-lightbox-title=\"1881 Azul Bic Verso Modelo A\" data-e-action-hash=\"#elementor-action%3Aaction%3Dlightbox%26settings%3DeyJpZCI6NDM1LCJ1cmwiOiJodHRwczpcL1wvcXVhbGx5dGFtcC5jb20uYnJcL3dwLWNvbnRlbnRcL3VwbG9hZHNcLzIwMjFcLzA0XC8xODgxLUF6dWwtQmljLVZlcnNvLU1vZGVsby1BLmpwZyIsInNsaWRlc2hvdyI6IjY1OTM0NGMifQ%3D%3D\" rel=\"lightbox[426]\">\n\t\t\t\t\t<div class=\"e-gallery-image elementor-gallery-item__image\" data-thumbnail=\"https:\/\/quallytamp.com.br\/wp-content\/uploads\/2021\/04\/1881-Azul-Bic-Verso-Modelo-A.jpg\" data-width=\"900\" data-height=\"600\" aria-label=\"\" role=\"img\" ><\/div>\n\t\t\t\t\t\t\t\t\t\t\t\t\t\t<\/a>\n\t\t\t\t\t\t\t<a class=\"e-gallery-item elementor-gallery-item elementor-animated-content\" data-e-gallery-tags=\"0\" href=\"https:\/\/quallytamp.com.br\/wp-content\/uploads\/2021\/04\/1881-Azul-Formosa-Frente-Modelo-A.jpg\" data-elementor-open-lightbox=\"yes\" data-elementor-lightbox-slideshow=\"659344c\" data-elementor-lightbox-title=\"1881 Azul Formosa Frente Modelo A\" data-e-action-hash=\"#elementor-action%3Aaction%3Dlightbox%26settings%3DeyJpZCI6NDM2LCJ1cmwiOiJodHRwczpcL1wvcXVhbGx5dGFtcC5jb20uYnJcL3dwLWNvbnRlbnRcL3VwbG9hZHNcLzIwMjFcLzA0XC8xODgxLUF6dWwtRm9ybW9zYS1GcmVudGUtTW9kZWxvLUEuanBnIiwic2xpZGVzaG93IjoiNjU5MzQ0YyJ9\" rel=\"lightbox[426]\">\n\t\t\t\t\t<div class=\"e-gallery-image elementor-gallery-item__image\" data-thumbnail=\"https:\/\/quallytamp.com.br\/wp-content\/uploads\/2021\/04\/1881-Azul-Formosa-Frente-Modelo-A.jpg\" data-width=\"900\" data-height=\"600\" aria-label=\"\" role=\"img\" ><\/div>\n\t\t\t\t\t\t\t\t\t\t\t\t\t\t<\/a>\n\t\t\t\t\t\t\t<a class=\"e-gallery-item elementor-gallery-item elementor-animated-content\" data-e-gallery-tags=\"0\" href=\"https:\/\/quallytamp.com.br\/wp-content\/uploads\/2021\/04\/1881-Azul-Formosa-Verso-Modelo-A.jpg\" data-elementor-open-lightbox=\"yes\" data-elementor-lightbox-slideshow=\"659344c\" data-elementor-lightbox-title=\"1881 Azul Formosa Verso Modelo A\" data-e-action-hash=\"#elementor-action%3Aaction%3Dlightbox%26settings%3DeyJpZCI6NDM3LCJ1cmwiOiJodHRwczpcL1wvcXVhbGx5dGFtcC5jb20uYnJcL3dwLWNvbnRlbnRcL3VwbG9hZHNcLzIwMjFcLzA0XC8xODgxLUF6dWwtRm9ybW9zYS1WZXJzby1Nb2RlbG8tQS5qcGciLCJzbGlkZXNob3ciOiI2NTkzNDRjIn0%3D\" rel=\"lightbox[426]\">\n\t\t\t\t\t<div class=\"e-gallery-image elementor-gallery-item__image\" data-thumbnail=\"https:\/\/quallytamp.com.br\/wp-content\/uploads\/2021\/04\/1881-Azul-Formosa-Verso-Modelo-A.jpg\" data-width=\"900\" data-height=\"600\" aria-label=\"\" role=\"img\" ><\/div>\n\t\t\t\t\t\t\t\t\t\t\t\t\t\t<\/a>\n\t\t\t\t\t\t\t<a class=\"e-gallery-item elementor-gallery-item elementor-animated-content\" data-e-gallery-tags=\"1\" href=\"https:\/\/quallytamp.com.br\/wp-content\/uploads\/2021\/04\/laranja1.jpg\" data-elementor-open-lightbox=\"yes\" data-elementor-lightbox-slideshow=\"659344c\" data-elementor-lightbox-title=\"laranja1\" data-e-action-hash=\"#elementor-action%3Aaction%3Dlightbox%26settings%3DeyJpZCI6NDI4LCJ1cmwiOiJodHRwczpcL1wvcXVhbGx5dGFtcC5jb20uYnJcL3dwLWNvbnRlbnRcL3VwbG9hZHNcLzIwMjFcLzA0XC9sYXJhbmphMS5qcGciLCJzbGlkZXNob3ciOiI2NTkzNDRjIn0%3D\" rel=\"lightbox[426]\">\n\t\t\t\t\t<div class=\"e-gallery-image elementor-gallery-item__image\" data-thumbnail=\"https:\/\/quallytamp.com.br\/wp-content\/uploads\/2021\/04\/laranja1.jpg\" data-width=\"900\" data-height=\"600\" aria-label=\"\" role=\"img\" ><\/div>\n\t\t\t\t\t\t\t\t\t\t\t\t\t\t<\/a>\n\t\t\t\t\t\t\t<a class=\"e-gallery-item elementor-gallery-item elementor-animated-content\" data-e-gallery-tags=\"1\" href=\"https:\/\/quallytamp.com.br\/wp-content\/uploads\/2021\/04\/laranja2.jpg\" data-elementor-open-lightbox=\"yes\" data-elementor-lightbox-slideshow=\"659344c\" data-elementor-lightbox-title=\"laranja2\" data-e-action-hash=\"#elementor-action%3Aaction%3Dlightbox%26settings%3DeyJpZCI6NDI5LCJ1cmwiOiJodHRwczpcL1wvcXVhbGx5dGFtcC5jb20uYnJcL3dwLWNvbnRlbnRcL3VwbG9hZHNcLzIwMjFcLzA0XC9sYXJhbmphMi5qcGciLCJzbGlkZXNob3ciOiI2NTkzNDRjIn0%3D\" rel=\"lightbox[426]\">\n\t\t\t\t\t<div class=\"e-gallery-image elementor-gallery-item__image\" data-thumbnail=\"https:\/\/quallytamp.com.br\/wp-content\/uploads\/2021\/04\/laranja2.jpg\" data-width=\"900\" data-height=\"600\" aria-label=\"\" role=\"img\" ><\/div>\n\t\t\t\t\t\t\t\t\t\t\t\t\t\t<\/a>\n\t\t\t\t\t\t\t<a class=\"e-gallery-item elementor-gallery-item elementor-animated-content\" data-e-gallery-tags=\"2\" href=\"https:\/\/quallytamp.com.br\/wp-content\/uploads\/2021\/04\/1881-Preta-Frente-Modelo-A.jpg\" data-elementor-open-lightbox=\"yes\" data-elementor-lightbox-slideshow=\"659344c\" data-elementor-lightbox-title=\"1881 Preta Frente Modelo A\" data-e-action-hash=\"#elementor-action%3Aaction%3Dlightbox%26settings%3DeyJpZCI6NDM4LCJ1cmwiOiJodHRwczpcL1wvcXVhbGx5dGFtcC5jb20uYnJcL3dwLWNvbnRlbnRcL3VwbG9hZHNcLzIwMjFcLzA0XC8xODgxLVByZXRhLUZyZW50ZS1Nb2RlbG8tQS5qcGciLCJzbGlkZXNob3ciOiI2NTkzNDRjIn0%3D\" rel=\"lightbox[426]\">\n\t\t\t\t\t<div class=\"e-gallery-image elementor-gallery-item__image\" data-thumbnail=\"https:\/\/quallytamp.com.br\/wp-content\/uploads\/2021\/04\/1881-Preta-Frente-Modelo-A.jpg\" data-width=\"900\" data-height=\"600\" aria-label=\"\" role=\"img\" ><\/div>\n\t\t\t\t\t\t\t\t\t\t\t\t\t\t<\/a>\n\t\t\t\t\t\t\t<a class=\"e-gallery-item elementor-gallery-item elementor-animated-content\" data-e-gallery-tags=\"2\" href=\"https:\/\/quallytamp.com.br\/wp-content\/uploads\/2021\/04\/1881-Preta-Verso-Modelo-A.jpg\" data-elementor-open-lightbox=\"yes\" data-elementor-lightbox-slideshow=\"659344c\" data-elementor-lightbox-title=\"1881 Preta Verso Modelo A\" data-e-action-hash=\"#elementor-action%3Aaction%3Dlightbox%26settings%3DeyJpZCI6NDM5LCJ1cmwiOiJodHRwczpcL1wvcXVhbGx5dGFtcC5jb20uYnJcL3dwLWNvbnRlbnRcL3VwbG9hZHNcLzIwMjFcLzA0XC8xODgxLVByZXRhLVZlcnNvLU1vZGVsby1BLmpwZyIsInNsaWRlc2hvdyI6IjY1OTM0NGMifQ%3D%3D\" rel=\"lightbox[426]\">\n\t\t\t\t\t<div class=\"e-gallery-image elementor-gallery-item__image\" data-thumbnail=\"https:\/\/quallytamp.com.br\/wp-content\/uploads\/2021\/04\/1881-Preta-Verso-Modelo-A.jpg\" data-width=\"900\" data-height=\"600\" aria-label=\"\" role=\"img\" ><\/div>\n\t\t\t\t\t\t\t\t\t\t\t\t\t\t<\/a>\n\t\t\t\t\t\t\t<a class=\"e-gallery-item elementor-gallery-item elementor-animated-content\" data-e-gallery-tags=\"3\" href=\"https:\/\/quallytamp.com.br\/wp-content\/uploads\/2021\/04\/1881-Roxa-Frente-Modelo-A.jpg\" data-elementor-open-lightbox=\"yes\" data-elementor-lightbox-slideshow=\"659344c\" data-elementor-lightbox-title=\"1881 Roxa Frente Modelo A\" data-e-action-hash=\"#elementor-action%3Aaction%3Dlightbox%26settings%3DeyJpZCI6NDQwLCJ1cmwiOiJodHRwczpcL1wvcXVhbGx5dGFtcC5jb20uYnJcL3dwLWNvbnRlbnRcL3VwbG9hZHNcLzIwMjFcLzA0XC8xODgxLVJveGEtRnJlbnRlLU1vZGVsby1BLmpwZyIsInNsaWRlc2hvdyI6IjY1OTM0NGMifQ%3D%3D\" rel=\"lightbox[426]\">\n\t\t\t\t\t<div class=\"e-gallery-image elementor-gallery-item__image\" data-thumbnail=\"https:\/\/quallytamp.com.br\/wp-content\/uploads\/2021\/04\/1881-Roxa-Frente-Modelo-A.jpg\" data-width=\"900\" data-height=\"600\" aria-label=\"\" role=\"img\" ><\/div>\n\t\t\t\t\t\t\t\t\t\t\t\t\t\t<\/a>\n\t\t\t\t\t\t\t<a class=\"e-gallery-item elementor-gallery-item elementor-animated-content\" data-e-gallery-tags=\"3\" href=\"https:\/\/quallytamp.com.br\/wp-content\/uploads\/2021\/04\/1881-Roxa-Verso-Modelo-A.jpg\" data-elementor-open-lightbox=\"yes\" data-elementor-lightbox-slideshow=\"659344c\" data-elementor-lightbox-title=\"1881 Roxa Verso Modelo A\" data-e-action-hash=\"#elementor-action%3Aaction%3Dlightbox%26settings%3DeyJpZCI6NDQxLCJ1cmwiOiJodHRwczpcL1wvcXVhbGx5dGFtcC5jb20uYnJcL3dwLWNvbnRlbnRcL3VwbG9hZHNcLzIwMjFcLzA0XC8xODgxLVJveGEtVmVyc28tTW9kZWxvLUEuanBnIiwic2xpZGVzaG93IjoiNjU5MzQ0YyJ9\" rel=\"lightbox[426]\">\n\t\t\t\t\t<div class=\"e-gallery-image elementor-gallery-item__image\" data-thumbnail=\"https:\/\/quallytamp.com.br\/wp-content\/uploads\/2021\/04\/1881-Roxa-Verso-Modelo-A.jpg\" data-width=\"900\" data-height=\"600\" aria-label=\"\" role=\"img\" ><\/div>\n\t\t\t\t\t\t\t\t\t\t\t\t\t\t<\/a>\n\t\t\t\t\t<\/div>\n\t\t\t\t\t<\/div>\n\t\t\t\t<\/div>\n\t\t\t\t\t<\/div>\n\t\t<\/div>\n\t\t\t\t<div class=\"elementor-column elementor-col-50 elementor-inner-column elementor-element elementor-element-9691476\" data-id=\"9691476\" data-element_type=\"column\">\n\t\t\t<div class=\"elementor-widget-wrap elementor-element-populated\">\n\t\t\t\t\t\t<div class=\"elementor-element elementor-element-6d7a0c4 elementor-widget elementor-widget-text-editor\" data-id=\"6d7a0c4\" data-element_type=\"widget\" data-widget_type=\"text-editor.default\">\n\t\t\t\t<div class=\"elementor-widget-container\">\n\t\t\t\t\t\t\t\t\t<div><h2 style=\"text-align: justify;\"><strong>Tampa PCO 1881 28mm baixa (Modelo A)<br \/><\/strong><\/h2><p style=\"text-align: justify;\" align=\"justify\">\u00a0<\/p><p style=\"text-align: justify;\"><strong>DESCRI\u00c7\u00c3O:<\/strong><\/p><\/div><div style=\"text-align: justify;\">Uso em garrafas de \u00e1gua ou de bebidas n\u00e3o carbonatadas.<\/div><div style=\"text-align: justify;\">\u00a0<\/div><div style=\"text-align: justify;\">\u00c9 uma tampa com designer novo, aumentando sua confiabilidade e seguran\u00e7a, fornecido com batoque de veda\u00e7\u00e3o e lacre de rompimento.<\/div><div style=\"text-align: justify;\">\u00a0<\/div><div><p style=\"text-align: justify;\">*Nossos produtos podem ser desenvolvidos em diversas cores e tamb\u00e9m em cores espec\u00edficas conforme a necessidade do cliente.<\/p><div data-id=\"4c6a282\" data-element_type=\"widget\" data-widget_type=\"text-editor.default\"><div><div><p style=\"text-align: justify;\"><sup><b>*Cores personalizadas com pedido m\u00ednimo.<\/b><\/sup><\/p><\/div><\/div><\/div><\/div>\t\t\t\t\t\t\t\t<\/div>\n\t\t\t\t<\/div>\n\t\t\t\t\t<\/div>\n\t\t<\/div>\n\t\t\t\t\t<\/div>\n\t\t<\/section>\n\t\t\t\t\t<\/div>\n\t\t<\/div>\n\t\t\t\t\t<\/div>\n\t\t<\/section>\n\t\t\t\t<\/div>\n\t\t","protected":false},"excerpt":{"rendered":"<p>TAMPA PCO 1881 28mm baixa (Modelo A) Azuis Laranja Preta Roxa Tampa PCO 1881 28mm baixa (Modelo A) \u00a0 DESCRI\u00c7\u00c3O: Uso em garrafas de \u00e1gua ou de bebidas n\u00e3o carbonatadas.\u00a0\u00c9 uma tampa com designer novo, aumentando sua confiabilidade e seguran\u00e7a, fornecido com batoque de veda\u00e7\u00e3o e lacre de rompimento.\u00a0 *Nossos produtos podem ser desenvolvidos em [&#8230;]\n","protected":false},"author":1,"featured_media":0,"parent":0,"menu_order":0,"comment_status":"closed","ping_status":"closed","template":"","meta":{"_joinchat":[],"footnotes":""},"_links":{"self":[{"href":"https:\/\/quallytamp.com.br\/index.php?rest_route=\/wp\/v2\/pages\/426"}],"collection":[{"href":"https:\/\/quallytamp.com.br\/index.php?rest_route=\/wp\/v2\/pages"}],"about":[{"href":"https:\/\/quallytamp.com.br\/index.php?rest_route=\/wp\/v2\/types\/page"}],"author":[{"embeddable":true,"href":"https:\/\/quallytamp.com.br\/index.php?rest_route=\/wp\/v2\/users\/1"}],"replies":[{"embeddable":true,"href":"https:\/\/quallytamp.com.br\/index.php?rest_route=%2Fwp%2Fv2%2Fcomments&post=426"}],"version-history":[{"count":19,"href":"https:\/\/quallytamp.com.br\/index.php?rest_route=\/wp\/v2\/pages\/426\/revisions"}],"predecessor-version":[{"id":456,"href":"https:\/\/quallytamp.com.br\/index.php?rest_route=\/wp\/v2\/pages\/426\/revisions\/456"}],"wp:attachment":[{"href":"https:\/\/quallytamp.com.br\/index.php?rest_route=%2Fwp%2Fv2%2Fmedia&parent=426"}],"curies":[{"name":"wp","href":"https:\/\/api.w.org\/{rel}","templated":true}]}}