{"id":53,"date":"2020-09-08T15:59:50","date_gmt":"2020-09-08T15:59:50","guid":{"rendered":"https:\/\/quallytamp.com.br\/?page_id=53"},"modified":"2020-10-29T18:29:41","modified_gmt":"2020-10-29T18:29:41","slug":"a-empresa","status":"publish","type":"page","link":"https:\/\/quallytamp.com.br\/?page_id=53","title":{"rendered":"A Empresa"},"content":{"rendered":"\t\t<div data-elementor-type=\"wp-page\" data-elementor-id=\"53\" class=\"elementor elementor-53\" data-elementor-post-type=\"page\">\n\t\t\t\t\t\t<section class=\"elementor-section elementor-top-section elementor-element elementor-element-a5693bc elementor-section-full_width elementor-section-height-default elementor-section-height-default\" data-id=\"a5693bc\" data-element_type=\"section\">\n\t\t\t\t\t\t<div class=\"elementor-container elementor-column-gap-default\">\n\t\t\t\t\t<div class=\"elementor-column elementor-col-100 elementor-top-column elementor-element elementor-element-70dd7de\" data-id=\"70dd7de\" data-element_type=\"column\">\n\t\t\t<div class=\"elementor-widget-wrap elementor-element-populated\">\n\t\t\t\t\t\t<div class=\"elementor-element elementor-element-5bbd86b elementor-widget elementor-widget-heading\" data-id=\"5bbd86b\" data-element_type=\"widget\" data-widget_type=\"heading.default\">\n\t\t\t\t<div class=\"elementor-widget-container\">\n\t\t\t\t\t<h2 class=\"elementor-heading-title elementor-size-default\">GRUPO QUALLYTAMP<\/h2>\t\t\t\t<\/div>\n\t\t\t\t<\/div>\n\t\t\t\t<section class=\"elementor-section elementor-inner-section elementor-element elementor-element-0203654 elementor-section-full_width elementor-section-height-default elementor-section-height-default\" data-id=\"0203654\" data-element_type=\"section\">\n\t\t\t\t\t\t<div class=\"elementor-container elementor-column-gap-default\">\n\t\t\t\t\t<div class=\"elementor-column elementor-col-50 elementor-inner-column elementor-element elementor-element-a68bc05\" data-id=\"a68bc05\" data-element_type=\"column\">\n\t\t\t<div class=\"elementor-widget-wrap elementor-element-populated\">\n\t\t\t\t\t\t<div class=\"elementor-element elementor-element-6e1529b elementor-widget elementor-widget-image\" data-id=\"6e1529b\" data-element_type=\"widget\" data-widget_type=\"image.default\">\n\t\t\t\t<div class=\"elementor-widget-container\">\n\t\t\t\t\t\t\t\t\t\t\t\t\t\t\t<img fetchpriority=\"high\" decoding=\"async\" width=\"900\" height=\"600\" src=\"https:\/\/quallytamp.com.br\/wp-content\/uploads\/2020\/10\/fabrica1.jpg\" class=\"attachment-large size-large wp-image-164\" alt=\"\" srcset=\"https:\/\/quallytamp.com.br\/wp-content\/uploads\/2020\/10\/fabrica1.jpg 900w, https:\/\/quallytamp.com.br\/wp-content\/uploads\/2020\/10\/fabrica1-600x400.jpg 600w, https:\/\/quallytamp.com.br\/wp-content\/uploads\/2020\/10\/fabrica1-300x200.jpg 300w, https:\/\/quallytamp.com.br\/wp-content\/uploads\/2020\/10\/fabrica1-768x512.jpg 768w\" sizes=\"(max-width: 900px) 100vw, 900px\" \/>\t\t\t\t\t\t\t\t\t\t\t\t\t\t\t<\/div>\n\t\t\t\t<\/div>\n\t\t\t\t\t<\/div>\n\t\t<\/div>\n\t\t\t\t<div class=\"elementor-column elementor-col-50 elementor-inner-column elementor-element elementor-element-c06ab20\" data-id=\"c06ab20\" data-element_type=\"column\">\n\t\t\t<div class=\"elementor-widget-wrap elementor-element-populated\">\n\t\t\t\t\t\t<div class=\"elementor-element elementor-element-e5b4e79 elementor-widget elementor-widget-text-editor\" data-id=\"e5b4e79\" data-element_type=\"widget\" data-widget_type=\"text-editor.default\">\n\t\t\t\t<div class=\"elementor-widget-container\">\n\t\t\t\t\t\t\t\t\t<div id=\"divFSG_texto\" style=\"text-align: justify;\"><p><span class=\"FSG_texto\">O <strong>GRUPO <span id=\"eL_1_texto\"><span class=\"FSG_erroOrtografico\">QUALLYTAMP<\/span><\/span><\/strong> \u00e9 uma empresa especializada em desenvolvimento e fabrica\u00e7\u00e3o de tampas, em constante evolu\u00e7\u00e3o a fim de levar a cada cliente um produto de maior qualidade e aceita\u00e7\u00e3o no mercado, possuindo tecnologia em moldagem por inje\u00e7\u00e3o de termopl\u00e1sticos e contando com ferramentaria pr\u00f3pria. <\/span><\/p><p>Nosso processo de industrializa\u00e7\u00e3o garante a excel\u00eancia em seus produtos, pois conta com uma rigorosa gest\u00e3o de qualidade presente em toda cadeia produtiva, desde a escolha dos fornecedores, profissionais especializados e tecnologia dos equipamentos at\u00e9 a libera\u00e7\u00e3o do produto pelo controle de qualidade, bem como equipes trabalhando 24 horas no sistema de produ\u00e7\u00e3o.\u00a0<\/p><\/div>\t\t\t\t\t\t\t\t<\/div>\n\t\t\t\t<\/div>\n\t\t\t\t\t<\/div>\n\t\t<\/div>\n\t\t\t\t\t<\/div>\n\t\t<\/section>\n\t\t\t\t<section class=\"elementor-section elementor-inner-section elementor-element elementor-element-b735c20 elementor-section-full_width elementor-section-height-default elementor-section-height-default\" data-id=\"b735c20\" data-element_type=\"section\">\n\t\t\t\t\t\t<div class=\"elementor-container elementor-column-gap-default\">\n\t\t\t\t\t<div class=\"elementor-column elementor-col-50 elementor-inner-column elementor-element elementor-element-763c3a7\" data-id=\"763c3a7\" data-element_type=\"column\">\n\t\t\t<div class=\"elementor-widget-wrap elementor-element-populated\">\n\t\t\t\t\t\t<div class=\"elementor-element elementor-element-83098b3 elementor-widget elementor-widget-text-editor\" data-id=\"83098b3\" data-element_type=\"widget\" data-widget_type=\"text-editor.default\">\n\t\t\t\t<div class=\"elementor-widget-container\">\n\t\t\t\t\t\t\t\t\t<p style=\"text-align: justify;\">Situada na cidade de Pirassununga\/SP, com instala\u00e7\u00f5es no Polo Industrial Guilherme Muller Filho, conta com modernas instala\u00e7\u00f5es o que garante maior praticidade em cada fase do processo de confec\u00e7\u00e3o das tampas, at\u00e9 a sua expedi\u00e7\u00e3o.<\/p>\n<p style=\"text-align: justify;\">Com profissionais altamente qualificados, o GRUPO QUALLYTAMP\/ GMA Ferramentaria nome forte no seguimento nacional de moldes, vem consolidar os melhores servi\u00e7os, a precis\u00e3o, o know-how para execu\u00e7\u00e3o de moldes t\u00e9cnicos e vasta experi\u00eancia na \u00e1rea de pe\u00e7as injetadas.<\/p>\n<p style=\"text-align: justify;\">\n<\/p>\t\t\t\t\t\t\t\t<\/div>\n\t\t\t\t<\/div>\n\t\t\t\t\t<\/div>\n\t\t<\/div>\n\t\t\t\t<div class=\"elementor-column elementor-col-50 elementor-inner-column elementor-element elementor-element-acbd25e\" data-id=\"acbd25e\" data-element_type=\"column\">\n\t\t\t<div class=\"elementor-widget-wrap elementor-element-populated\">\n\t\t\t\t\t\t<div class=\"elementor-element elementor-element-7ad8790 elementor-widget elementor-widget-image\" data-id=\"7ad8790\" data-element_type=\"widget\" data-widget_type=\"image.default\">\n\t\t\t\t<div class=\"elementor-widget-container\">\n\t\t\t\t\t\t\t\t\t\t\t\t\t\t\t<img decoding=\"async\" width=\"900\" height=\"600\" src=\"https:\/\/quallytamp.com.br\/wp-content\/uploads\/2020\/10\/fabrica2.jpg\" class=\"attachment-large size-large wp-image-169\" alt=\"\" srcset=\"https:\/\/quallytamp.com.br\/wp-content\/uploads\/2020\/10\/fabrica2.jpg 900w, https:\/\/quallytamp.com.br\/wp-content\/uploads\/2020\/10\/fabrica2-600x400.jpg 600w, https:\/\/quallytamp.com.br\/wp-content\/uploads\/2020\/10\/fabrica2-300x200.jpg 300w, https:\/\/quallytamp.com.br\/wp-content\/uploads\/2020\/10\/fabrica2-768x512.jpg 768w\" sizes=\"(max-width: 900px) 100vw, 900px\" \/>\t\t\t\t\t\t\t\t\t\t\t\t\t\t\t<\/div>\n\t\t\t\t<\/div>\n\t\t\t\t\t<\/div>\n\t\t<\/div>\n\t\t\t\t\t<\/div>\n\t\t<\/section>\n\t\t\t\t\t<\/div>\n\t\t<\/div>\n\t\t\t\t\t<\/div>\n\t\t<\/section>\n\t\t\t\t<\/div>\n\t\t","protected":false},"excerpt":{"rendered":"<p>GRUPO QUALLYTAMP O GRUPO QUALLYTAMP \u00e9 uma empresa especializada em desenvolvimento e fabrica\u00e7\u00e3o de tampas, em constante evolu\u00e7\u00e3o a fim de levar a cada cliente um produto de maior qualidade e aceita\u00e7\u00e3o no mercado, possuindo tecnologia em moldagem por inje\u00e7\u00e3o de termopl\u00e1sticos e contando com ferramentaria pr\u00f3pria. Nosso processo de industrializa\u00e7\u00e3o garante a excel\u00eancia em [&#8230;]\n","protected":false},"author":1,"featured_media":0,"parent":0,"menu_order":0,"comment_status":"closed","ping_status":"closed","template":"","meta":{"_joinchat":[],"footnotes":""},"_links":{"self":[{"href":"https:\/\/quallytamp.com.br\/index.php?rest_route=\/wp\/v2\/pages\/53"}],"collection":[{"href":"https:\/\/quallytamp.com.br\/index.php?rest_route=\/wp\/v2\/pages"}],"about":[{"href":"https:\/\/quallytamp.com.br\/index.php?rest_route=\/wp\/v2\/types\/page"}],"author":[{"embeddable":true,"href":"https:\/\/quallytamp.com.br\/index.php?rest_route=\/wp\/v2\/users\/1"}],"replies":[{"embeddable":true,"href":"https:\/\/quallytamp.com.br\/index.php?rest_route=%2Fwp%2Fv2%2Fcomments&post=53"}],"version-history":[{"count":21,"href":"https:\/\/quallytamp.com.br\/index.php?rest_route=\/wp\/v2\/pages\/53\/revisions"}],"predecessor-version":[{"id":191,"href":"https:\/\/quallytamp.com.br\/index.php?rest_route=\/wp\/v2\/pages\/53\/revisions\/191"}],"wp:attachment":[{"href":"https:\/\/quallytamp.com.br\/index.php?rest_route=%2Fwp%2Fv2%2Fmedia&parent=53"}],"curies":[{"name":"wp","href":"https:\/\/api.w.org\/{rel}","templated":true}]}}