{"id":585,"date":"2024-04-30T12:12:16","date_gmt":"2024-04-30T12:12:16","guid":{"rendered":"https:\/\/quallytamp.com.br\/?page_id=585"},"modified":"2024-04-30T12:29:36","modified_gmt":"2024-04-30T12:29:36","slug":"home","status":"publish","type":"page","link":"https:\/\/quallytamp.com.br\/","title":{"rendered":"Home"},"content":{"rendered":"\t\t<div data-elementor-type=\"wp-page\" data-elementor-id=\"585\" class=\"elementor elementor-585\" data-elementor-post-type=\"page\">\n\t\t\t\t\t\t<section class=\"elementor-section elementor-top-section elementor-element elementor-element-4bd8e3a elementor-section-full_width elementor-section-content-middle elementor-section-stretched elementor-section-height-default elementor-section-height-default\" data-id=\"4bd8e3a\" data-element_type=\"section\" data-settings=\"{&quot;stretch_section&quot;:&quot;section-stretched&quot;}\">\n\t\t\t\t\t\t<div class=\"elementor-container elementor-column-gap-no\">\n\t\t\t\t\t<div class=\"elementor-column elementor-col-100 elementor-top-column elementor-element elementor-element-7e70094\" data-id=\"7e70094\" data-element_type=\"column\">\n\t\t\t<div class=\"elementor-widget-wrap elementor-element-populated\">\n\t\t\t\t\t\t<div class=\"elementor-element elementor-element-5b2bf09 elementor-widget__width-inherit elementor-widget elementor-widget-shortcode\" data-id=\"5b2bf09\" data-element_type=\"widget\" data-widget_type=\"shortcode.default\">\n\t\t\t\t<div class=\"elementor-widget-container\">\n\t\t\t\t\t\t\t<div class=\"elementor-shortcode\"><div id=\"metaslider-id-16\" style=\"width: 100%;\" class=\"ml-slider-3-108-0 metaslider metaslider-nivo metaslider-16 ml-slider ml-slider-lightbox-2-22-0 lightbox-disabled ms-theme-default\" role=\"region\" aria-label=\"New Slideshow\" data-height=\"450\" data-width=\"1920\">\n    <div id=\"metaslider_container_16\">\n        <div class='slider-wrapper theme-default'><div class='ribbon'><\/div><div id='metaslider_16' class='nivoSlider'><img fetchpriority=\"high\" decoding=\"async\" src=\"https:\/\/quallytamp.com.br\/wp-content\/uploads\/2021\/04\/bannerNovidade.jpg\" height=\"450\" width=\"1920\" title=\"bannerNovidade\" alt=\"\" class=\"slider-16 slide-425 msDefaultImage\" \/><img decoding=\"async\" src=\"https:\/\/quallytamp.com.br\/wp-content\/uploads\/2020\/09\/banner_1.jpg\" height=\"450\" width=\"1920\" title=\"banner_1\" alt=\"\" class=\"slider-16 slide-18 msDefaultImage\" \/><a href=\"https:\/\/quallytamp.com.br\/tampa-garrafao\/\" target=\"_self\"><img decoding=\"async\" src=\"https:\/\/quallytamp.com.br\/wp-content\/uploads\/2020\/09\/banner_2.jpg\" height=\"450\" width=\"1920\" alt=\"\" class=\"slider-16 slide-138 msDefaultImage\" \/><\/a><\/div><\/div>\n        \n    <\/div>\n<\/div><\/div>\n\t\t\t\t\t\t<\/div>\n\t\t\t\t<\/div>\n\t\t\t\t\t<\/div>\n\t\t<\/div>\n\t\t\t\t\t<\/div>\n\t\t<\/section>\n\t\t\t\t<section class=\"elementor-section elementor-top-section elementor-element elementor-element-0721fc3 elementor-section-stretched elementor-section-boxed elementor-section-height-default elementor-section-height-default\" data-id=\"0721fc3\" data-element_type=\"section\" data-settings=\"{&quot;stretch_section&quot;:&quot;section-stretched&quot;}\">\n\t\t\t\t\t\t<div class=\"elementor-container elementor-column-gap-default\">\n\t\t\t\t\t<div class=\"elementor-column elementor-col-100 elementor-top-column elementor-element elementor-element-0940882\" data-id=\"0940882\" data-element_type=\"column\">\n\t\t\t<div class=\"elementor-widget-wrap elementor-element-populated\">\n\t\t\t\t\t\t<section class=\"elementor-section elementor-inner-section elementor-element elementor-element-1f85964 elementor-section-full_width elementor-section-height-default elementor-section-height-default\" data-id=\"1f85964\" data-element_type=\"section\">\n\t\t\t\t\t\t<div class=\"elementor-container elementor-column-gap-wide\">\n\t\t\t\t\t<div class=\"elementor-column elementor-col-33 elementor-inner-column elementor-element elementor-element-d026e1a\" data-id=\"d026e1a\" data-element_type=\"column\">\n\t\t\t<div class=\"elementor-widget-wrap elementor-element-populated\">\n\t\t\t\t\t\t<div class=\"elementor-element elementor-element-9e997c4 elementor-widget elementor-widget-heading\" data-id=\"9e997c4\" data-element_type=\"widget\" data-widget_type=\"heading.default\">\n\t\t\t\t<div class=\"elementor-widget-container\">\n\t\t\t\t\t<h2 class=\"elementor-heading-title elementor-size-default\">Nossa Miss\u00e3o<\/h2>\t\t\t\t<\/div>\n\t\t\t\t<\/div>\n\t\t\t\t<div class=\"elementor-element elementor-element-30312d2 elementor-widget elementor-widget-text-editor\" data-id=\"30312d2\" data-element_type=\"widget\" data-widget_type=\"text-editor.default\">\n\t\t\t\t<div class=\"elementor-widget-container\">\n\t\t\t\t\t\t\t\t\t<p style=\"text-align: justify;\">Estar em constante crescimento, e sempre em busca de qualidade e excel\u00eancia no que fazemos, este \u00e9 o objetivo da Quallytamp.<br \/>Desenvolver, Produzir e Comercializar tampas pl\u00e1sticas com alta qualidade e tecnologia que atenda as necessidades e expectativas dos clientes e colaboradores.<\/p>\t\t\t\t\t\t\t\t<\/div>\n\t\t\t\t<\/div>\n\t\t\t\t\t<\/div>\n\t\t<\/div>\n\t\t\t\t<div class=\"elementor-column elementor-col-33 elementor-inner-column elementor-element elementor-element-033bd1e\" data-id=\"033bd1e\" data-element_type=\"column\">\n\t\t\t<div class=\"elementor-widget-wrap elementor-element-populated\">\n\t\t\t\t\t\t<div class=\"elementor-element elementor-element-960b2c2 elementor-widget elementor-widget-heading\" data-id=\"960b2c2\" data-element_type=\"widget\" data-widget_type=\"heading.default\">\n\t\t\t\t<div class=\"elementor-widget-container\">\n\t\t\t\t\t<h2 class=\"elementor-heading-title elementor-size-default\">Nossa Vis\u00e3o<\/h2>\t\t\t\t<\/div>\n\t\t\t\t<\/div>\n\t\t\t\t<div class=\"elementor-element elementor-element-84b413b elementor-widget elementor-widget-text-editor\" data-id=\"84b413b\" data-element_type=\"widget\" data-widget_type=\"text-editor.default\">\n\t\t\t\t<div class=\"elementor-widget-container\">\n\t\t\t\t\t\t\t\t\t<p style=\"text-align: justify;\">A busca permanente por um desenvolvimento sustent\u00e1vel \u00e9 um dos pilares da Quallytamp, a conscientiza\u00e7\u00e3o de que o desenvolvimento econ\u00f4mico e tecnol\u00f3gico deve ser alinhado \u00e0 qualidade ambiental, e ter o comprometimento em gerar produtos inovadores que agreguem valor e tecnologia aos clientes.<\/p>\t\t\t\t\t\t\t\t<\/div>\n\t\t\t\t<\/div>\n\t\t\t\t\t<\/div>\n\t\t<\/div>\n\t\t\t\t<div class=\"elementor-column elementor-col-33 elementor-inner-column elementor-element elementor-element-bac8b94\" data-id=\"bac8b94\" data-element_type=\"column\">\n\t\t\t<div class=\"elementor-widget-wrap elementor-element-populated\">\n\t\t\t\t\t\t<div class=\"elementor-element elementor-element-8981bfb elementor-widget elementor-widget-heading\" data-id=\"8981bfb\" data-element_type=\"widget\" data-widget_type=\"heading.default\">\n\t\t\t\t<div class=\"elementor-widget-container\">\n\t\t\t\t\t<h2 class=\"elementor-heading-title elementor-size-default\">Valores<\/h2>\t\t\t\t<\/div>\n\t\t\t\t<\/div>\n\t\t\t\t<div class=\"elementor-element elementor-element-bac6623 elementor-widget elementor-widget-text-editor\" data-id=\"bac6623\" data-element_type=\"widget\" data-widget_type=\"text-editor.default\">\n\t\t\t\t<div class=\"elementor-widget-container\">\n\t\t\t\t\t\t\t\t\t<p style=\"text-align: justify;\">Conceitos de preserva\u00e7\u00e3o e respeito ao meio ambiente est\u00e3o inseridos no processo produtivo da Quallytamp proporcionando qualidade de vida n\u00e3o s\u00f3 aos funcion\u00e1rios, mas principalmente \u00e0 sociedade. Investimento em tecnologia e busca de exig\u00eancias e inova\u00e7\u00f5es do mercado, gerando maior efic\u00e1cia no processo.<\/p>\t\t\t\t\t\t\t\t<\/div>\n\t\t\t\t<\/div>\n\t\t\t\t\t<\/div>\n\t\t<\/div>\n\t\t\t\t\t<\/div>\n\t\t<\/section>\n\t\t\t\t\t<\/div>\n\t\t<\/div>\n\t\t\t\t\t<\/div>\n\t\t<\/section>\n\t\t\t\t<\/div>\n\t\t","protected":false},"excerpt":{"rendered":"<p>Nossa Miss\u00e3o Estar em constante crescimento, e sempre em busca de qualidade e excel\u00eancia no que fazemos, este \u00e9 o objetivo da Quallytamp.Desenvolver, Produzir e Comercializar tampas pl\u00e1sticas com alta qualidade e tecnologia que atenda as necessidades e expectativas dos clientes e colaboradores. Nossa Vis\u00e3o A busca permanente por um desenvolvimento sustent\u00e1vel \u00e9 um dos [&#8230;]\n","protected":false},"author":1,"featured_media":0,"parent":0,"menu_order":0,"comment_status":"closed","ping_status":"closed","template":"","meta":{"_joinchat":[],"footnotes":""},"_links":{"self":[{"href":"https:\/\/quallytamp.com.br\/index.php?rest_route=\/wp\/v2\/pages\/585"}],"collection":[{"href":"https:\/\/quallytamp.com.br\/index.php?rest_route=\/wp\/v2\/pages"}],"about":[{"href":"https:\/\/quallytamp.com.br\/index.php?rest_route=\/wp\/v2\/types\/page"}],"author":[{"embeddable":true,"href":"https:\/\/quallytamp.com.br\/index.php?rest_route=\/wp\/v2\/users\/1"}],"replies":[{"embeddable":true,"href":"https:\/\/quallytamp.com.br\/index.php?rest_route=%2Fwp%2Fv2%2Fcomments&post=585"}],"version-history":[{"count":14,"href":"https:\/\/quallytamp.com.br\/index.php?rest_route=\/wp\/v2\/pages\/585\/revisions"}],"predecessor-version":[{"id":600,"href":"https:\/\/quallytamp.com.br\/index.php?rest_route=\/wp\/v2\/pages\/585\/revisions\/600"}],"wp:attachment":[{"href":"https:\/\/quallytamp.com.br\/index.php?rest_route=%2Fwp%2Fv2%2Fmedia&parent=585"}],"curies":[{"name":"wp","href":"https:\/\/api.w.org\/{rel}","templated":true}]}}