{"id":59,"date":"2020-09-09T18:15:53","date_gmt":"2020-09-09T18:15:53","guid":{"rendered":"https:\/\/quallytamp.com.br\/?page_id=59"},"modified":"2021-04-27T15:06:16","modified_gmt":"2021-04-27T15:06:16","slug":"alca_para_tampa_48mm","status":"publish","type":"page","link":"https:\/\/quallytamp.com.br\/?page_id=59","title":{"rendered":"Al\u00e7a para Tampa 48mm"},"content":{"rendered":"\t\t<div data-elementor-type=\"wp-page\" data-elementor-id=\"59\" class=\"elementor elementor-59\" data-elementor-post-type=\"page\">\n\t\t\t\t\t\t<section class=\"elementor-section elementor-top-section elementor-element elementor-element-1f08398 elementor-section-stretched elementor-section-full_width elementor-section-height-default elementor-section-height-default\" data-id=\"1f08398\" data-element_type=\"section\" data-settings=\"{&quot;stretch_section&quot;:&quot;section-stretched&quot;}\">\n\t\t\t\t\t\t<div class=\"elementor-container elementor-column-gap-default\">\n\t\t\t\t\t<div class=\"elementor-column elementor-col-100 elementor-top-column elementor-element elementor-element-d104ec3\" data-id=\"d104ec3\" data-element_type=\"column\">\n\t\t\t<div class=\"elementor-widget-wrap elementor-element-populated\">\n\t\t\t\t\t\t<div class=\"elementor-element elementor-element-f0b747e elementor-widget elementor-widget-heading\" data-id=\"f0b747e\" data-element_type=\"widget\" data-widget_type=\"heading.default\">\n\t\t\t\t<div class=\"elementor-widget-container\">\n\t\t\t\t\t<h2 class=\"elementor-heading-title elementor-size-default\">AL\u00c7A PARA TAMPA 48mm<\/h2>\t\t\t\t<\/div>\n\t\t\t\t<\/div>\n\t\t\t\t\t<\/div>\n\t\t<\/div>\n\t\t\t\t\t<\/div>\n\t\t<\/section>\n\t\t\t\t<section class=\"elementor-section elementor-top-section elementor-element elementor-element-58da7ad elementor-section-full_width elementor-section-height-default elementor-section-height-default\" data-id=\"58da7ad\" data-element_type=\"section\">\n\t\t\t\t\t\t<div class=\"elementor-container elementor-column-gap-default\">\n\t\t\t\t\t<div class=\"elementor-column elementor-col-100 elementor-top-column elementor-element elementor-element-40016ff\" data-id=\"40016ff\" data-element_type=\"column\">\n\t\t\t<div class=\"elementor-widget-wrap elementor-element-populated\">\n\t\t\t\t\t\t<section class=\"elementor-section elementor-inner-section elementor-element elementor-element-75310ba elementor-section-full_width elementor-section-height-default elementor-section-height-default\" data-id=\"75310ba\" data-element_type=\"section\">\n\t\t\t\t\t\t<div class=\"elementor-container elementor-column-gap-default\">\n\t\t\t\t\t<div class=\"elementor-column elementor-col-50 elementor-inner-column elementor-element elementor-element-34e75cb\" data-id=\"34e75cb\" data-element_type=\"column\">\n\t\t\t<div class=\"elementor-widget-wrap elementor-element-populated\">\n\t\t\t\t\t\t<div class=\"elementor-element elementor-element-659344c elementor-widget elementor-widget-gallery\" data-id=\"659344c\" data-element_type=\"widget\" data-settings=\"{&quot;gallery_layout&quot;:&quot;justified&quot;,&quot;lazyload&quot;:&quot;yes&quot;,&quot;ideal_row_height&quot;:{&quot;unit&quot;:&quot;px&quot;,&quot;size&quot;:200,&quot;sizes&quot;:[]},&quot;ideal_row_height_tablet&quot;:{&quot;unit&quot;:&quot;px&quot;,&quot;size&quot;:150,&quot;sizes&quot;:[]},&quot;ideal_row_height_mobile&quot;:{&quot;unit&quot;:&quot;px&quot;,&quot;size&quot;:150,&quot;sizes&quot;:[]},&quot;gap&quot;:{&quot;unit&quot;:&quot;px&quot;,&quot;size&quot;:10,&quot;sizes&quot;:[]},&quot;gap_tablet&quot;:{&quot;unit&quot;:&quot;px&quot;,&quot;size&quot;:10,&quot;sizes&quot;:[]},&quot;gap_mobile&quot;:{&quot;unit&quot;:&quot;px&quot;,&quot;size&quot;:10,&quot;sizes&quot;:[]},&quot;link_to&quot;:&quot;file&quot;,&quot;content_hover_animation&quot;:&quot;fade-in&quot;}\" data-widget_type=\"gallery.default\">\n\t\t\t\t<div class=\"elementor-widget-container\">\n\t\t\t\t\t\t\t\t<div class=\"elementor-gallery__titles-container e--pointer-background e--animation-fade\" aria-label=\"Gallery filter\">\n\t\t\t\t\n\t\t\t\t\t\t\t\t\t<a class=\"elementor-item elementor-gallery-title\" role=\"button\" tabindex=\"0\" data-gallery-index=\"0\">\n\t\t\t\t\t\tAzul\t\t\t\t\t<\/a>\n\t\t\t\t\t\t\t\t\t\t<a class=\"elementor-item elementor-gallery-title\" role=\"button\" tabindex=\"0\" data-gallery-index=\"1\">\n\t\t\t\t\t\tVermelho\t\t\t\t\t<\/a>\n\t\t\t\t\t\t\t\t\t\t<a class=\"elementor-item elementor-gallery-title\" role=\"button\" tabindex=\"0\" data-gallery-index=\"2\">\n\t\t\t\t\t\tVerde\t\t\t\t\t<\/a>\n\t\t\t\t\t\t\t\t\t\t<a class=\"elementor-item elementor-gallery-title\" role=\"button\" tabindex=\"0\" data-gallery-index=\"3\">\n\t\t\t\t\t\tPreta\t\t\t\t\t<\/a>\n\t\t\t\t\t\t\t\t<\/div>\n\t\t\t\t\t<div class=\"elementor-gallery__container\">\n\t\t\t\t\t\t\t<a class=\"e-gallery-item elementor-gallery-item elementor-animated-content\" data-e-gallery-tags=\"0\" href=\"https:\/\/quallytamp.com.br\/wp-content\/uploads\/2021\/04\/Alca-Azul-Verso.jpg\" data-elementor-open-lightbox=\"yes\" data-elementor-lightbox-slideshow=\"659344c\" data-elementor-lightbox-title=\"Al\u00e7a Azul Verso\" data-e-action-hash=\"#elementor-action%3Aaction%3Dlightbox%26settings%3DeyJpZCI6MzA0LCJ1cmwiOiJodHRwczpcL1wvcXVhbGx5dGFtcC5jb20uYnJcL3dwLWNvbnRlbnRcL3VwbG9hZHNcLzIwMjFcLzA0XC9BbGNhLUF6dWwtVmVyc28uanBnIiwic2xpZGVzaG93IjoiNjU5MzQ0YyJ9\" rel=\"lightbox[59]\">\n\t\t\t\t\t<div class=\"e-gallery-image elementor-gallery-item__image\" data-thumbnail=\"https:\/\/quallytamp.com.br\/wp-content\/uploads\/2021\/04\/Alca-Azul-Verso.jpg\" data-width=\"900\" data-height=\"600\" aria-label=\"\" role=\"img\" ><\/div>\n\t\t\t\t\t\t\t\t\t\t\t\t\t\t<\/a>\n\t\t\t\t\t\t\t<a class=\"e-gallery-item elementor-gallery-item elementor-animated-content\" data-e-gallery-tags=\"0\" href=\"https:\/\/quallytamp.com.br\/wp-content\/uploads\/2021\/04\/Alca-Azul.jpg\" data-elementor-open-lightbox=\"yes\" data-elementor-lightbox-slideshow=\"659344c\" data-elementor-lightbox-title=\"Al\u00e7a Azul\" data-e-action-hash=\"#elementor-action%3Aaction%3Dlightbox%26settings%3DeyJpZCI6MzA1LCJ1cmwiOiJodHRwczpcL1wvcXVhbGx5dGFtcC5jb20uYnJcL3dwLWNvbnRlbnRcL3VwbG9hZHNcLzIwMjFcLzA0XC9BbGNhLUF6dWwuanBnIiwic2xpZGVzaG93IjoiNjU5MzQ0YyJ9\" rel=\"lightbox[59]\">\n\t\t\t\t\t<div class=\"e-gallery-image elementor-gallery-item__image\" data-thumbnail=\"https:\/\/quallytamp.com.br\/wp-content\/uploads\/2021\/04\/Alca-Azul.jpg\" data-width=\"900\" data-height=\"600\" aria-label=\"\" role=\"img\" ><\/div>\n\t\t\t\t\t\t\t\t\t\t\t\t\t\t<\/a>\n\t\t\t\t\t\t\t<a class=\"e-gallery-item elementor-gallery-item elementor-animated-content\" data-e-gallery-tags=\"0\" href=\"https:\/\/quallytamp.com.br\/wp-content\/uploads\/2021\/04\/Tampa-Azul-48-Externo.jpg\" data-elementor-open-lightbox=\"yes\" data-elementor-lightbox-slideshow=\"659344c\" data-elementor-lightbox-title=\"Tampa Azul 48 Externo\" data-e-action-hash=\"#elementor-action%3Aaction%3Dlightbox%26settings%3DeyJpZCI6MzA2LCJ1cmwiOiJodHRwczpcL1wvcXVhbGx5dGFtcC5jb20uYnJcL3dwLWNvbnRlbnRcL3VwbG9hZHNcLzIwMjFcLzA0XC9UYW1wYS1BenVsLTQ4LUV4dGVybm8uanBnIiwic2xpZGVzaG93IjoiNjU5MzQ0YyJ9\" rel=\"lightbox[59]\">\n\t\t\t\t\t<div class=\"e-gallery-image elementor-gallery-item__image\" data-thumbnail=\"https:\/\/quallytamp.com.br\/wp-content\/uploads\/2021\/04\/Tampa-Azul-48-Externo.jpg\" data-width=\"900\" data-height=\"600\" aria-label=\"\" role=\"img\" ><\/div>\n\t\t\t\t\t\t\t\t\t\t\t\t\t\t<\/a>\n\t\t\t\t\t\t\t<a class=\"e-gallery-item elementor-gallery-item elementor-animated-content\" data-e-gallery-tags=\"0\" href=\"https:\/\/quallytamp.com.br\/wp-content\/uploads\/2021\/04\/Tampa-Azul-48-Interno.jpg\" data-elementor-open-lightbox=\"yes\" data-elementor-lightbox-slideshow=\"659344c\" data-elementor-lightbox-title=\"Tampa Azul 48 Interno\" data-e-action-hash=\"#elementor-action%3Aaction%3Dlightbox%26settings%3DeyJpZCI6MzA3LCJ1cmwiOiJodHRwczpcL1wvcXVhbGx5dGFtcC5jb20uYnJcL3dwLWNvbnRlbnRcL3VwbG9hZHNcLzIwMjFcLzA0XC9UYW1wYS1BenVsLTQ4LUludGVybm8uanBnIiwic2xpZGVzaG93IjoiNjU5MzQ0YyJ9\" rel=\"lightbox[59]\">\n\t\t\t\t\t<div class=\"e-gallery-image elementor-gallery-item__image\" data-thumbnail=\"https:\/\/quallytamp.com.br\/wp-content\/uploads\/2021\/04\/Tampa-Azul-48-Interno.jpg\" data-width=\"900\" data-height=\"600\" aria-label=\"\" role=\"img\" ><\/div>\n\t\t\t\t\t\t\t\t\t\t\t\t\t\t<\/a>\n\t\t\t\t\t\t\t<a class=\"e-gallery-item elementor-gallery-item elementor-animated-content\" data-e-gallery-tags=\"1\" href=\"https:\/\/quallytamp.com.br\/wp-content\/uploads\/2021\/04\/Alca-Vermelha-Verso.jpg\" data-elementor-open-lightbox=\"yes\" data-elementor-lightbox-slideshow=\"659344c\" data-elementor-lightbox-title=\"Al\u00e7a Vermelha Verso\" data-e-action-hash=\"#elementor-action%3Aaction%3Dlightbox%26settings%3DeyJpZCI6MzA4LCJ1cmwiOiJodHRwczpcL1wvcXVhbGx5dGFtcC5jb20uYnJcL3dwLWNvbnRlbnRcL3VwbG9hZHNcLzIwMjFcLzA0XC9BbGNhLVZlcm1lbGhhLVZlcnNvLmpwZyIsInNsaWRlc2hvdyI6IjY1OTM0NGMifQ%3D%3D\" rel=\"lightbox[59]\">\n\t\t\t\t\t<div class=\"e-gallery-image elementor-gallery-item__image\" data-thumbnail=\"https:\/\/quallytamp.com.br\/wp-content\/uploads\/2021\/04\/Alca-Vermelha-Verso.jpg\" data-width=\"900\" data-height=\"600\" aria-label=\"\" role=\"img\" ><\/div>\n\t\t\t\t\t\t\t\t\t\t\t\t\t\t<\/a>\n\t\t\t\t\t\t\t<a class=\"e-gallery-item elementor-gallery-item elementor-animated-content\" data-e-gallery-tags=\"1\" href=\"https:\/\/quallytamp.com.br\/wp-content\/uploads\/2021\/04\/Alca-Vermelha.jpg\" data-elementor-open-lightbox=\"yes\" data-elementor-lightbox-slideshow=\"659344c\" data-elementor-lightbox-title=\"Al\u00e7a Vermelha\" data-e-action-hash=\"#elementor-action%3Aaction%3Dlightbox%26settings%3DeyJpZCI6MzA5LCJ1cmwiOiJodHRwczpcL1wvcXVhbGx5dGFtcC5jb20uYnJcL3dwLWNvbnRlbnRcL3VwbG9hZHNcLzIwMjFcLzA0XC9BbGNhLVZlcm1lbGhhLmpwZyIsInNsaWRlc2hvdyI6IjY1OTM0NGMifQ%3D%3D\" rel=\"lightbox[59]\">\n\t\t\t\t\t<div class=\"e-gallery-image elementor-gallery-item__image\" data-thumbnail=\"https:\/\/quallytamp.com.br\/wp-content\/uploads\/2021\/04\/Alca-Vermelha.jpg\" data-width=\"900\" data-height=\"600\" aria-label=\"\" role=\"img\" ><\/div>\n\t\t\t\t\t\t\t\t\t\t\t\t\t\t<\/a>\n\t\t\t\t\t\t\t<a class=\"e-gallery-item elementor-gallery-item elementor-animated-content\" data-e-gallery-tags=\"1\" href=\"https:\/\/quallytamp.com.br\/wp-content\/uploads\/2021\/04\/Tampa-Vermelha-48-Externo.jpg\" data-elementor-open-lightbox=\"yes\" data-elementor-lightbox-slideshow=\"659344c\" data-elementor-lightbox-title=\"Tampa Vermelha 48 Externo\" data-e-action-hash=\"#elementor-action%3Aaction%3Dlightbox%26settings%3DeyJpZCI6MzEwLCJ1cmwiOiJodHRwczpcL1wvcXVhbGx5dGFtcC5jb20uYnJcL3dwLWNvbnRlbnRcL3VwbG9hZHNcLzIwMjFcLzA0XC9UYW1wYS1WZXJtZWxoYS00OC1FeHRlcm5vLmpwZyIsInNsaWRlc2hvdyI6IjY1OTM0NGMifQ%3D%3D\" rel=\"lightbox[59]\">\n\t\t\t\t\t<div class=\"e-gallery-image elementor-gallery-item__image\" data-thumbnail=\"https:\/\/quallytamp.com.br\/wp-content\/uploads\/2021\/04\/Tampa-Vermelha-48-Externo.jpg\" data-width=\"900\" data-height=\"600\" aria-label=\"\" role=\"img\" ><\/div>\n\t\t\t\t\t\t\t\t\t\t\t\t\t\t<\/a>\n\t\t\t\t\t\t\t<a class=\"e-gallery-item elementor-gallery-item elementor-animated-content\" data-e-gallery-tags=\"1\" href=\"https:\/\/quallytamp.com.br\/wp-content\/uploads\/2021\/04\/Tampa-Vermelha-48-Interno.jpg\" data-elementor-open-lightbox=\"yes\" data-elementor-lightbox-slideshow=\"659344c\" data-elementor-lightbox-title=\"Tampa Vermelha 48 Interno\" data-e-action-hash=\"#elementor-action%3Aaction%3Dlightbox%26settings%3DeyJpZCI6MzExLCJ1cmwiOiJodHRwczpcL1wvcXVhbGx5dGFtcC5jb20uYnJcL3dwLWNvbnRlbnRcL3VwbG9hZHNcLzIwMjFcLzA0XC9UYW1wYS1WZXJtZWxoYS00OC1JbnRlcm5vLmpwZyIsInNsaWRlc2hvdyI6IjY1OTM0NGMifQ%3D%3D\" rel=\"lightbox[59]\">\n\t\t\t\t\t<div class=\"e-gallery-image elementor-gallery-item__image\" data-thumbnail=\"https:\/\/quallytamp.com.br\/wp-content\/uploads\/2021\/04\/Tampa-Vermelha-48-Interno.jpg\" data-width=\"900\" data-height=\"600\" aria-label=\"\" role=\"img\" ><\/div>\n\t\t\t\t\t\t\t\t\t\t\t\t\t\t<\/a>\n\t\t\t\t\t\t\t<a class=\"e-gallery-item elementor-gallery-item elementor-animated-content\" data-e-gallery-tags=\"2\" href=\"https:\/\/quallytamp.com.br\/wp-content\/uploads\/2021\/04\/Alca-Verde-Verso.jpg\" data-elementor-open-lightbox=\"yes\" data-elementor-lightbox-slideshow=\"659344c\" data-elementor-lightbox-title=\"Al\u00e7a Verde Verso\" data-e-action-hash=\"#elementor-action%3Aaction%3Dlightbox%26settings%3DeyJpZCI6MzQxLCJ1cmwiOiJodHRwczpcL1wvcXVhbGx5dGFtcC5jb20uYnJcL3dwLWNvbnRlbnRcL3VwbG9hZHNcLzIwMjFcLzA0XC9BbGNhLVZlcmRlLVZlcnNvLmpwZyIsInNsaWRlc2hvdyI6IjY1OTM0NGMifQ%3D%3D\" rel=\"lightbox[59]\">\n\t\t\t\t\t<div class=\"e-gallery-image elementor-gallery-item__image\" data-thumbnail=\"https:\/\/quallytamp.com.br\/wp-content\/uploads\/2021\/04\/Alca-Verde-Verso.jpg\" data-width=\"900\" data-height=\"600\" aria-label=\"\" role=\"img\" ><\/div>\n\t\t\t\t\t\t\t\t\t\t\t\t\t\t<\/a>\n\t\t\t\t\t\t\t<a class=\"e-gallery-item elementor-gallery-item elementor-animated-content\" data-e-gallery-tags=\"2\" href=\"https:\/\/quallytamp.com.br\/wp-content\/uploads\/2021\/04\/Alca-Verde.jpg\" data-elementor-open-lightbox=\"yes\" data-elementor-lightbox-slideshow=\"659344c\" data-elementor-lightbox-title=\"Al\u00e7a Verde\" data-e-action-hash=\"#elementor-action%3Aaction%3Dlightbox%26settings%3DeyJpZCI6MzQyLCJ1cmwiOiJodHRwczpcL1wvcXVhbGx5dGFtcC5jb20uYnJcL3dwLWNvbnRlbnRcL3VwbG9hZHNcLzIwMjFcLzA0XC9BbGNhLVZlcmRlLmpwZyIsInNsaWRlc2hvdyI6IjY1OTM0NGMifQ%3D%3D\" rel=\"lightbox[59]\">\n\t\t\t\t\t<div class=\"e-gallery-image elementor-gallery-item__image\" data-thumbnail=\"https:\/\/quallytamp.com.br\/wp-content\/uploads\/2021\/04\/Alca-Verde.jpg\" data-width=\"900\" data-height=\"600\" aria-label=\"\" role=\"img\" ><\/div>\n\t\t\t\t\t\t\t\t\t\t\t\t\t\t<\/a>\n\t\t\t\t\t\t\t<a class=\"e-gallery-item elementor-gallery-item elementor-animated-content\" data-e-gallery-tags=\"2\" href=\"https:\/\/quallytamp.com.br\/wp-content\/uploads\/2021\/04\/Tampa-Verde-48-Externo.jpg\" data-elementor-open-lightbox=\"yes\" data-elementor-lightbox-slideshow=\"659344c\" data-elementor-lightbox-title=\"Tampa Verde 48 Externo\" data-e-action-hash=\"#elementor-action%3Aaction%3Dlightbox%26settings%3DeyJpZCI6MzQzLCJ1cmwiOiJodHRwczpcL1wvcXVhbGx5dGFtcC5jb20uYnJcL3dwLWNvbnRlbnRcL3VwbG9hZHNcLzIwMjFcLzA0XC9UYW1wYS1WZXJkZS00OC1FeHRlcm5vLmpwZyIsInNsaWRlc2hvdyI6IjY1OTM0NGMifQ%3D%3D\" rel=\"lightbox[59]\">\n\t\t\t\t\t<div class=\"e-gallery-image elementor-gallery-item__image\" data-thumbnail=\"https:\/\/quallytamp.com.br\/wp-content\/uploads\/2021\/04\/Tampa-Verde-48-Externo.jpg\" data-width=\"900\" data-height=\"600\" aria-label=\"\" role=\"img\" ><\/div>\n\t\t\t\t\t\t\t\t\t\t\t\t\t\t<\/a>\n\t\t\t\t\t\t\t<a class=\"e-gallery-item elementor-gallery-item elementor-animated-content\" data-e-gallery-tags=\"2\" href=\"https:\/\/quallytamp.com.br\/wp-content\/uploads\/2021\/04\/Tampa-Verde-48-Interno.jpg\" data-elementor-open-lightbox=\"yes\" data-elementor-lightbox-slideshow=\"659344c\" data-elementor-lightbox-title=\"Tampa Verde 48 Interno\" data-e-action-hash=\"#elementor-action%3Aaction%3Dlightbox%26settings%3DeyJpZCI6MzQ0LCJ1cmwiOiJodHRwczpcL1wvcXVhbGx5dGFtcC5jb20uYnJcL3dwLWNvbnRlbnRcL3VwbG9hZHNcLzIwMjFcLzA0XC9UYW1wYS1WZXJkZS00OC1JbnRlcm5vLmpwZyIsInNsaWRlc2hvdyI6IjY1OTM0NGMifQ%3D%3D\" rel=\"lightbox[59]\">\n\t\t\t\t\t<div class=\"e-gallery-image elementor-gallery-item__image\" data-thumbnail=\"https:\/\/quallytamp.com.br\/wp-content\/uploads\/2021\/04\/Tampa-Verde-48-Interno.jpg\" data-width=\"900\" data-height=\"600\" aria-label=\"\" role=\"img\" ><\/div>\n\t\t\t\t\t\t\t\t\t\t\t\t\t\t<\/a>\n\t\t\t\t\t\t\t<a class=\"e-gallery-item elementor-gallery-item elementor-animated-content\" data-e-gallery-tags=\"3\" href=\"https:\/\/quallytamp.com.br\/wp-content\/uploads\/2021\/04\/Alca-Preta-Verso.jpg\" data-elementor-open-lightbox=\"yes\" data-elementor-lightbox-slideshow=\"659344c\" data-elementor-lightbox-title=\"Al\u00e7a Preta Verso\" data-e-action-hash=\"#elementor-action%3Aaction%3Dlightbox%26settings%3DeyJpZCI6MzQ2LCJ1cmwiOiJodHRwczpcL1wvcXVhbGx5dGFtcC5jb20uYnJcL3dwLWNvbnRlbnRcL3VwbG9hZHNcLzIwMjFcLzA0XC9BbGNhLVByZXRhLVZlcnNvLmpwZyIsInNsaWRlc2hvdyI6IjY1OTM0NGMifQ%3D%3D\" rel=\"lightbox[59]\">\n\t\t\t\t\t<div class=\"e-gallery-image elementor-gallery-item__image\" data-thumbnail=\"https:\/\/quallytamp.com.br\/wp-content\/uploads\/2021\/04\/Alca-Preta-Verso.jpg\" data-width=\"900\" data-height=\"600\" aria-label=\"\" role=\"img\" ><\/div>\n\t\t\t\t\t\t\t\t\t\t\t\t\t\t<\/a>\n\t\t\t\t\t\t\t<a class=\"e-gallery-item elementor-gallery-item elementor-animated-content\" data-e-gallery-tags=\"3\" href=\"https:\/\/quallytamp.com.br\/wp-content\/uploads\/2021\/04\/Alca-Preta.jpg\" data-elementor-open-lightbox=\"yes\" data-elementor-lightbox-slideshow=\"659344c\" data-elementor-lightbox-title=\"Al\u00e7a Preta\" data-e-action-hash=\"#elementor-action%3Aaction%3Dlightbox%26settings%3DeyJpZCI6MzQ3LCJ1cmwiOiJodHRwczpcL1wvcXVhbGx5dGFtcC5jb20uYnJcL3dwLWNvbnRlbnRcL3VwbG9hZHNcLzIwMjFcLzA0XC9BbGNhLVByZXRhLmpwZyIsInNsaWRlc2hvdyI6IjY1OTM0NGMifQ%3D%3D\" rel=\"lightbox[59]\">\n\t\t\t\t\t<div class=\"e-gallery-image elementor-gallery-item__image\" data-thumbnail=\"https:\/\/quallytamp.com.br\/wp-content\/uploads\/2021\/04\/Alca-Preta.jpg\" data-width=\"900\" data-height=\"600\" aria-label=\"\" role=\"img\" ><\/div>\n\t\t\t\t\t\t\t\t\t\t\t\t\t\t<\/a>\n\t\t\t\t\t\t\t<a class=\"e-gallery-item elementor-gallery-item elementor-animated-content\" data-e-gallery-tags=\"3\" href=\"https:\/\/quallytamp.com.br\/wp-content\/uploads\/2021\/04\/Tampa-Preta-48-Externo.jpg\" data-elementor-open-lightbox=\"yes\" data-elementor-lightbox-slideshow=\"659344c\" data-elementor-lightbox-title=\"Tampa Preta 48 Externo\" data-e-action-hash=\"#elementor-action%3Aaction%3Dlightbox%26settings%3DeyJpZCI6MzQ4LCJ1cmwiOiJodHRwczpcL1wvcXVhbGx5dGFtcC5jb20uYnJcL3dwLWNvbnRlbnRcL3VwbG9hZHNcLzIwMjFcLzA0XC9UYW1wYS1QcmV0YS00OC1FeHRlcm5vLmpwZyIsInNsaWRlc2hvdyI6IjY1OTM0NGMifQ%3D%3D\" rel=\"lightbox[59]\">\n\t\t\t\t\t<div class=\"e-gallery-image elementor-gallery-item__image\" data-thumbnail=\"https:\/\/quallytamp.com.br\/wp-content\/uploads\/2021\/04\/Tampa-Preta-48-Externo.jpg\" data-width=\"900\" data-height=\"600\" aria-label=\"\" role=\"img\" ><\/div>\n\t\t\t\t\t\t\t\t\t\t\t\t\t\t<\/a>\n\t\t\t\t\t\t\t<a class=\"e-gallery-item elementor-gallery-item elementor-animated-content\" data-e-gallery-tags=\"3\" href=\"https:\/\/quallytamp.com.br\/wp-content\/uploads\/2021\/04\/Tampa-Preta-48-Interno.jpg\" data-elementor-open-lightbox=\"yes\" data-elementor-lightbox-slideshow=\"659344c\" data-elementor-lightbox-title=\"Tampa Preta 48 Interno\" data-e-action-hash=\"#elementor-action%3Aaction%3Dlightbox%26settings%3DeyJpZCI6MzQ5LCJ1cmwiOiJodHRwczpcL1wvcXVhbGx5dGFtcC5jb20uYnJcL3dwLWNvbnRlbnRcL3VwbG9hZHNcLzIwMjFcLzA0XC9UYW1wYS1QcmV0YS00OC1JbnRlcm5vLmpwZyIsInNsaWRlc2hvdyI6IjY1OTM0NGMifQ%3D%3D\" rel=\"lightbox[59]\">\n\t\t\t\t\t<div class=\"e-gallery-image elementor-gallery-item__image\" data-thumbnail=\"https:\/\/quallytamp.com.br\/wp-content\/uploads\/2021\/04\/Tampa-Preta-48-Interno.jpg\" data-width=\"900\" data-height=\"600\" aria-label=\"\" role=\"img\" ><\/div>\n\t\t\t\t\t\t\t\t\t\t\t\t\t\t<\/a>\n\t\t\t\t\t<\/div>\n\t\t\t\t\t<\/div>\n\t\t\t\t<\/div>\n\t\t\t\t\t<\/div>\n\t\t<\/div>\n\t\t\t\t<div class=\"elementor-column elementor-col-50 elementor-inner-column elementor-element elementor-element-9691476\" data-id=\"9691476\" data-element_type=\"column\">\n\t\t\t<div class=\"elementor-widget-wrap elementor-element-populated\">\n\t\t\t\t\t\t<div class=\"elementor-element elementor-element-6d7a0c4 elementor-widget elementor-widget-text-editor\" data-id=\"6d7a0c4\" data-element_type=\"widget\" data-widget_type=\"text-editor.default\">\n\t\t\t\t<div class=\"elementor-widget-container\">\n\t\t\t\t\t\t\t\t\t<h2><strong>AL\u00c7A&nbsp; TAMPA PARA GARGALO 48mm<\/strong><\/h2>\n<div><br><\/div>\n\n<p style=\"text-align: justify;\"><strong>DESCRI\u00c7\u00c3O:<\/strong><\/p><p style=\"text-align: justify;\">Uso em garraf\u00f5es de \u00e1gua ou de bebidas n\u00e3o carbonatadas.<\/p>\n<p style=\"text-align: justify;\">As tampas PCO 48 mm de perfil baixo fornecido com batoque de veda\u00e7\u00e3o e lacre de rompimento.<\/p>\n<p style=\"text-align: justify;\">As tampas PCO de 48 mm podem ser fornecidas com al\u00e7as de pega de quatro dedos. Extremamente confort\u00e1vel quando utilizada e de f\u00e1cil aplica\u00e7\u00e3o, pode ser aplicada na garrafa antes ou depois do produto ser envasado e tampado.<\/p>\n<p style=\"text-align: justify;\">*Nossos produtos podem ser desenvolvidos em diversas cores e tamb\u00e9m em cores espec\u00edficas conforme a necessidade do cliente.<\/p>\t\t\t\t\t\t\t\t<\/div>\n\t\t\t\t<\/div>\n\t\t\t\t<div class=\"elementor-element elementor-element-4c6a282 elementor-widget elementor-widget-text-editor\" data-id=\"4c6a282\" data-element_type=\"widget\" data-widget_type=\"text-editor.default\">\n\t\t\t\t<div class=\"elementor-widget-container\">\n\t\t\t\t\t\t\t\t\t<p><sup><b>*Cores personalizadas com pedido m\u00ednimo.<\/b><\/sup><\/p>\t\t\t\t\t\t\t\t<\/div>\n\t\t\t\t<\/div>\n\t\t\t\t\t<\/div>\n\t\t<\/div>\n\t\t\t\t\t<\/div>\n\t\t<\/section>\n\t\t\t\t\t<\/div>\n\t\t<\/div>\n\t\t\t\t\t<\/div>\n\t\t<\/section>\n\t\t\t\t<\/div>\n\t\t","protected":false},"excerpt":{"rendered":"<p>AL\u00c7A PARA TAMPA 48mm Azul Vermelho Verde Preta AL\u00c7A&nbsp; TAMPA PARA GARGALO 48mm DESCRI\u00c7\u00c3O: Uso em garraf\u00f5es de \u00e1gua ou de bebidas n\u00e3o carbonatadas. As tampas PCO 48 mm de perfil baixo fornecido com batoque de veda\u00e7\u00e3o e lacre de rompimento. As tampas PCO de 48 mm podem ser fornecidas com al\u00e7as de pega de [&#8230;]\n","protected":false},"author":1,"featured_media":0,"parent":0,"menu_order":0,"comment_status":"closed","ping_status":"closed","template":"","meta":{"_joinchat":[],"footnotes":""},"_links":{"self":[{"href":"https:\/\/quallytamp.com.br\/index.php?rest_route=\/wp\/v2\/pages\/59"}],"collection":[{"href":"https:\/\/quallytamp.com.br\/index.php?rest_route=\/wp\/v2\/pages"}],"about":[{"href":"https:\/\/quallytamp.com.br\/index.php?rest_route=\/wp\/v2\/types\/page"}],"author":[{"embeddable":true,"href":"https:\/\/quallytamp.com.br\/index.php?rest_route=\/wp\/v2\/users\/1"}],"replies":[{"embeddable":true,"href":"https:\/\/quallytamp.com.br\/index.php?rest_route=%2Fwp%2Fv2%2Fcomments&post=59"}],"version-history":[{"count":48,"href":"https:\/\/quallytamp.com.br\/index.php?rest_route=\/wp\/v2\/pages\/59\/revisions"}],"predecessor-version":[{"id":465,"href":"https:\/\/quallytamp.com.br\/index.php?rest_route=\/wp\/v2\/pages\/59\/revisions\/465"}],"wp:attachment":[{"href":"https:\/\/quallytamp.com.br\/index.php?rest_route=%2Fwp%2Fv2%2Fmedia&parent=59"}],"curies":[{"name":"wp","href":"https:\/\/api.w.org\/{rel}","templated":true}]}}